{"id":999,"date":"2025-01-02T16:13:28","date_gmt":"2025-01-02T08:13:28","guid":{"rendered":"https:\/\/superb-antennas.com\/?post_type=product&#038;p=999"},"modified":"2025-01-02T16:13:29","modified_gmt":"2025-01-02T08:13:29","slug":"2400-7125mhz-indoor-omnidirectional-ceiling-mount-6x6-mimo-wifi-6e-antenna-6-ports","status":"publish","type":"product","link":"https:\/\/www.superb-antennas.com\/fr\/product\/2400-7125mhz-indoor-omnidirectional-ceiling-mount-6x6-mimo-wifi-6e-antenna-6-ports\/","title":{"rendered":"2400-7125MHz Indoor Omnidirectional Ceiling Mount 6\u00d76 MIMO WiFi 6E Antenna 6-Ports"},"content":{"rendered":"<figure class=\"wp-block-table\"><table class=\"has-fixed-layout\"><tbody><tr><td><strong>Electrical Specifications<\/strong><\/td><td colspan=\"2\">&nbsp;<\/td><\/tr><tr><td>Frequency-MHz<\/td><td>2400-2500<\/td><td>4900-7125<\/td><\/tr><tr><td>Gain-dBi<\/td><td>3<\/td><td>4<\/td><\/tr><tr><td>VSWR<\/td><td colspan=\"2\">&lt;2<\/td><\/tr><tr><td>Polarization<\/td><td colspan=\"2\">Vertical<\/td><\/tr><tr><td>Horizontal Beam Width<\/td><td colspan=\"2\">360\u00b0<\/td><\/tr><tr><td>Vertical Beam Width<\/td><td>68\u00b0<\/td><td>55\u00b0<\/td><\/tr><tr><td>Impedance<\/td><td colspan=\"2\">50 ohms<\/td><\/tr><tr><td>Max. Input Power<\/td><td colspan=\"2\">50W<\/td><\/tr><tr><td>Lightning Protection<\/td><td colspan=\"2\">DC Ground<\/td><\/tr><tr><td><strong>Mechanical Specifications<\/strong><\/td><td colspan=\"2\">&nbsp;<\/td><\/tr><tr><td>Connector<\/td><td colspan=\"2\">6\u00d7SMA male<\/td><\/tr><tr><td>Dimension<\/td><td colspan=\"2\">\u00d8154\u00d770&nbsp;mm<\/td><\/tr><tr><td>Weight<\/td><td colspan=\"2\">0.4kg<\/td><\/tr><tr><td>Mounting<\/td><td colspan=\"2\">Ceiling mount<\/td><\/tr><tr><td>Radome Material<\/td><td colspan=\"2\">ABS<\/td><\/tr><tr><td>Rate Wind Velocity<\/td><td colspan=\"2\">210km\/h<\/td><\/tr><tr><td>Operating Temperature<\/td><td colspan=\"2\">-40\u2103 \u2013 +65\u2103<\/td><\/tr><\/tbody><\/table><\/figure>\n\n\n\n<p><\/p>","protected":false},"excerpt":{"rendered":"<p>Electrical Specifications &nbsp; Frequency-MHz 2400-2500 4900-7125 Gain-dBi 3 4 VSWR &lt;2 Polarization Vertical Horizontal Beam Width 360\u00b0 Vertical Beam Width 68\u00b0 55\u00b0 Impedance 50 ohms Max. Input Power 50W Lightning Protection DC Ground Mechanical Specifications &nbsp; Connector 6\u00d7SMA male Dimension \u00d8154\u00d770&nbsp;mm Weight 0.4kg Mounting Ceiling mount Radome Material ABS Rate Wind Velocity 210km\/h Operating Temperature [&hellip;]<\/p>","protected":false},"author":1,"featured_media":951,"template":"","meta":{"_acf_changed":false},"product-category":[32],"class_list":["post-999","product","type-product","status-publish","has-post-thumbnail","hentry","product-category-wifi-6e-antennas"],"acf":[],"_links":{"self":[{"href":"https:\/\/www.superb-antennas.com\/fr\/wp-json\/wp\/v2\/product\/999","targetHints":{"allow":["GET"]}}],"collection":[{"href":"https:\/\/www.superb-antennas.com\/fr\/wp-json\/wp\/v2\/product"}],"about":[{"href":"https:\/\/www.superb-antennas.com\/fr\/wp-json\/wp\/v2\/types\/product"}],"author":[{"embeddable":true,"href":"https:\/\/www.superb-antennas.com\/fr\/wp-json\/wp\/v2\/users\/1"}],"wp:featuredmedia":[{"embeddable":true,"href":"https:\/\/www.superb-antennas.com\/fr\/wp-json\/wp\/v2\/media\/951"}],"wp:attachment":[{"href":"https:\/\/www.superb-antennas.com\/fr\/wp-json\/wp\/v2\/media?parent=999"}],"wp:term":[{"taxonomy":"product-category","embeddable":true,"href":"https:\/\/www.superb-antennas.com\/fr\/wp-json\/wp\/v2\/product-category?post=999"}],"curies":[{"name":"wp","href":"https:\/\/api.w.org\/{rel}","templated":true}]}}