{"id":974,"date":"2025-01-02T15:51:06","date_gmt":"2025-01-02T07:51:06","guid":{"rendered":"https:\/\/superb-antennas.com\/?post_type=product&#038;p=974"},"modified":"2025-01-02T16:04:18","modified_gmt":"2025-01-02T08:04:18","slug":"2-4-5ghz-8dbi-outdoor-directional-dual-band-4-ports-mimo-panel-antenna","status":"publish","type":"product","link":"https:\/\/www.superb-antennas.com\/fr\/product\/2-4-5ghz-8dbi-outdoor-directional-dual-band-4-ports-mimo-panel-antenna\/","title":{"rendered":"2.4\/5GHz 8dBi Outdoor Directional Dual Band 4-Ports MIMO Panel Antenna"},"content":{"rendered":"<figure class=\"wp-block-table\"><table class=\"has-fixed-layout\"><tbody><tr><td><strong>Electrical Specifications<\/strong><\/td><td colspan=\"2\"><\/td><\/tr><tr><td>Frequency-MHz<\/td><td>2400-2500<\/td><td>4900-5850<\/td><\/tr><tr><td>Gain-dBi<\/td><td>7.5<\/td><td>8<\/td><\/tr><tr><td>VSWR<\/td><td colspan=\"2\">&lt;2<\/td><\/tr><tr><td>Polarization<\/td><td colspan=\"2\">2\u00d7Horizontal and 2\u00d7Vertical<\/td><\/tr><tr><td>Horizontal Beam Width<\/td><td>70\u00b0<\/td><td>65\u00b0<\/td><\/tr><tr><td>Vertical Beam Width<\/td><td>65\u00b0<\/td><td>62\u00b0<\/td><\/tr><tr><td>F\/B Ratio<\/td><td colspan=\"2\">\u226515dB<\/td><\/tr><tr><td>Isolation<\/td><td colspan=\"2\">\u226515dB<\/td><\/tr><tr><td>Impedance<\/td><td colspan=\"2\">50 ohms<\/td><\/tr><tr><td>Max. Input Power<\/td><td colspan=\"2\">100W<\/td><\/tr><tr><td>Lightning Protection<\/td><td colspan=\"2\">DC Ground<\/td><\/tr><tr><td><strong>Mechanical Specifications<\/strong><\/td><td colspan=\"2\">&nbsp;<\/td><\/tr><tr><td>Connector<\/td><td colspan=\"2\">4\u00d7RP-SMA Male<\/td><\/tr><tr><td>Dimension<\/td><td colspan=\"2\">140\u00d7120\u00d740mm<\/td><\/tr><tr><td>Weight<\/td><td colspan=\"2\">0.3kg<\/td><\/tr><tr><td>Mounting<\/td><td colspan=\"2\">Mast \u00d840-\u00d860 mm<\/td><\/tr><tr><td>Radome Material<\/td><td colspan=\"2\">ABS<\/td><\/tr><tr><td>Rate Wind Velocity<\/td><td colspan=\"2\">210km\/h<\/td><\/tr><tr><td>Operating Temperature<\/td><td colspan=\"2\">-40\u2103 \u2013 +65\u2103<\/td><\/tr><\/tbody><\/table><\/figure>\n\n\n\n<p><\/p>","protected":false},"excerpt":{"rendered":"<p>Electrical Specifications Frequency-MHz 2400-2500 4900-5850 Gain-dBi 7.5 8 VSWR &lt;2 Polarization 2\u00d7Horizontal and 2\u00d7Vertical Horizontal Beam Width 70\u00b0 65\u00b0 Vertical Beam Width 65\u00b0 62\u00b0 F\/B Ratio \u226515dB Isolation \u226515dB Impedance 50 ohms Max. Input Power 100W Lightning Protection DC Ground Mechanical Specifications &nbsp; Connector 4\u00d7RP-SMA Male Dimension 140\u00d7120\u00d740mm Weight 0.3kg Mounting Mast \u00d840-\u00d860 mm Radome [&hellip;]<\/p>","protected":false},"author":1,"featured_media":976,"template":"","meta":{"_acf_changed":false},"product-category":[30],"class_list":["post-974","product","type-product","status-publish","has-post-thumbnail","hentry","product-category-dual-band-wifi-antennas"],"acf":[],"_links":{"self":[{"href":"https:\/\/www.superb-antennas.com\/fr\/wp-json\/wp\/v2\/product\/974","targetHints":{"allow":["GET"]}}],"collection":[{"href":"https:\/\/www.superb-antennas.com\/fr\/wp-json\/wp\/v2\/product"}],"about":[{"href":"https:\/\/www.superb-antennas.com\/fr\/wp-json\/wp\/v2\/types\/product"}],"author":[{"embeddable":true,"href":"https:\/\/www.superb-antennas.com\/fr\/wp-json\/wp\/v2\/users\/1"}],"wp:featuredmedia":[{"embeddable":true,"href":"https:\/\/www.superb-antennas.com\/fr\/wp-json\/wp\/v2\/media\/976"}],"wp:attachment":[{"href":"https:\/\/www.superb-antennas.com\/fr\/wp-json\/wp\/v2\/media?parent=974"}],"wp:term":[{"taxonomy":"product-category","embeddable":true,"href":"https:\/\/www.superb-antennas.com\/fr\/wp-json\/wp\/v2\/product-category?post=974"}],"curies":[{"name":"wp","href":"https:\/\/api.w.org\/{rel}","templated":true}]}}