{"id":959,"date":"2025-01-02T15:42:53","date_gmt":"2025-01-02T07:42:53","guid":{"rendered":"https:\/\/superb-antennas.com\/?post_type=product&#038;p=959"},"modified":"2025-01-02T16:04:32","modified_gmt":"2025-01-02T08:04:32","slug":"2-4-5ghz-dualband-3-port-outdoor-mimo-omnidirectional-wifi-antenna","status":"publish","type":"product","link":"https:\/\/www.superb-antennas.com\/fr\/product\/2-4-5ghz-dualband-3-port-outdoor-mimo-omnidirectional-wifi-antenna\/","title":{"rendered":"2.4\/5GHz Dualband 3-Port Outdoor MIMO Omnidirectional WiFi Antenna"},"content":{"rendered":"<figure class=\"wp-block-table\"><table class=\"has-fixed-layout\"><tbody><tr><td><strong>Electrical Specifications<\/strong><\/td><td>&nbsp;<\/td><td>&nbsp;<\/td><\/tr><tr><td>Frequency-MHz<\/td><td>2400-2500<\/td><td>5150-5850<\/td><\/tr><tr><td>Gain-dBi<\/td><td>5.5<\/td><td>7.5<\/td><\/tr><tr><td>VSWR<\/td><td>&lt;1.5<\/td><td>&lt;2<\/td><\/tr><tr><td>Polarization<\/td><td>3\u00d7Vertical<\/td><td>&nbsp;<\/td><\/tr><tr><td>Horizontal Beam Width<\/td><td>360\u00b0<\/td><td>&nbsp;<\/td><\/tr><tr><td>Vertical Beam Width<\/td><td>28\u00b0<\/td><td>22\u00b0<\/td><\/tr><tr><td>Impedance<\/td><td>50 ohms<\/td><td>&nbsp;<\/td><\/tr><tr><td>Max. Input Power<\/td><td>100W<\/td><td>&nbsp;<\/td><\/tr><tr><td>Lightning Protection<\/td><td>DC Ground<\/td><td>&nbsp;<\/td><\/tr><tr><td><strong>Mechanical Specifications<\/strong><\/td><td>&nbsp;<\/td><td>&nbsp;<\/td><\/tr><tr><td>Connector<\/td><td>3<a>\u00d7<\/a>SMA Male<\/td><td>&nbsp;<\/td><\/tr><tr><td>Dimension<\/td><td>\u00d8132\u00d7280mm<\/td><td>&nbsp;<\/td><\/tr><tr><td>Weight<\/td><td>0.5kg<\/td><td>&nbsp;<\/td><\/tr><tr><td>Mounting<\/td><td>Mast \u00d840-\u00d860 mm<\/td><td>&nbsp;<\/td><\/tr><tr><td>Radome Material<\/td><td>UV Resistance PVC<\/td><td>&nbsp;<\/td><\/tr><tr><td>Rate Wind Velocity<\/td><td>210km\/h<\/td><td>&nbsp;<\/td><\/tr><tr><td>Operating Temperature<\/td><td>-40\u2103 \u2013 +65\u2103<\/td><td>&nbsp;<\/td><\/tr><\/tbody><\/table><\/figure>\n\n\n\n<p><\/p>","protected":false},"excerpt":{"rendered":"<p>Electrical Specifications &nbsp; &nbsp; Frequency-MHz 2400-2500 5150-5850 Gain-dBi 5.5 7.5 VSWR &lt;1.5 &lt;2 Polarization 3\u00d7Vertical &nbsp; Horizontal Beam Width 360\u00b0 &nbsp; Vertical Beam Width 28\u00b0 22\u00b0 Impedance 50 ohms &nbsp; Max. Input Power 100W &nbsp; Lightning Protection DC Ground &nbsp; Mechanical Specifications &nbsp; &nbsp; Connector 3\u00d7SMA Male &nbsp; Dimension \u00d8132\u00d7280mm &nbsp; Weight 0.5kg &nbsp; Mounting [&hellip;]<\/p>","protected":false},"author":1,"featured_media":957,"template":"","meta":{"_acf_changed":false},"product-category":[30],"class_list":["post-959","product","type-product","status-publish","has-post-thumbnail","hentry","product-category-dual-band-wifi-antennas"],"acf":[],"_links":{"self":[{"href":"https:\/\/www.superb-antennas.com\/fr\/wp-json\/wp\/v2\/product\/959","targetHints":{"allow":["GET"]}}],"collection":[{"href":"https:\/\/www.superb-antennas.com\/fr\/wp-json\/wp\/v2\/product"}],"about":[{"href":"https:\/\/www.superb-antennas.com\/fr\/wp-json\/wp\/v2\/types\/product"}],"author":[{"embeddable":true,"href":"https:\/\/www.superb-antennas.com\/fr\/wp-json\/wp\/v2\/users\/1"}],"wp:featuredmedia":[{"embeddable":true,"href":"https:\/\/www.superb-antennas.com\/fr\/wp-json\/wp\/v2\/media\/957"}],"wp:attachment":[{"href":"https:\/\/www.superb-antennas.com\/fr\/wp-json\/wp\/v2\/media?parent=959"}],"wp:term":[{"taxonomy":"product-category","embeddable":true,"href":"https:\/\/www.superb-antennas.com\/fr\/wp-json\/wp\/v2\/product-category?post=959"}],"curies":[{"name":"wp","href":"https:\/\/api.w.org\/{rel}","templated":true}]}}