{"id":956,"date":"2025-01-02T15:41:12","date_gmt":"2025-01-02T07:41:12","guid":{"rendered":"https:\/\/superb-antennas.com\/?post_type=product&#038;p=956"},"modified":"2025-01-02T15:41:13","modified_gmt":"2025-01-02T07:41:13","slug":"2-4-5ghz-dual-band-6-ports-mimo-omnidirectional-wifi-antenna","status":"publish","type":"product","link":"https:\/\/www.superb-antennas.com\/fr\/product\/2-4-5ghz-dual-band-6-ports-mimo-omnidirectional-wifi-antenna\/","title":{"rendered":"2.4\/5GHz Dual Band 6-Ports MIMO Omnidirectional WiFi Antenna"},"content":{"rendered":"<figure class=\"wp-block-table\"><table class=\"has-fixed-layout\"><tbody><tr><td><strong>Electrical Specifications<\/strong><\/td><td><\/td><\/tr><tr><td>Frequency-MHz<\/td><td>2400-2500\/5150-5850<\/td><\/tr><tr><td>Gain-dBi<\/td><td>5.5\/7.5<\/td><\/tr><tr><td>VSWR<\/td><td>&lt;1.5\/&lt;2<\/td><\/tr><tr><td>Polarization<\/td><td>&nbsp;6\u00d7Vertical<\/td><\/tr><tr><td>Horizontal Beam Width<\/td><td>&nbsp;360\u00b0<\/td><\/tr><tr><td>Vertical Beam Width<\/td><td>28\u00b0\/22\u00b0<\/td><\/tr><tr><td>Impedance-ohms<\/td><td>&nbsp;50<\/td><\/tr><tr><td>Max. Input Power-W<\/td><td>&nbsp;100<\/td><\/tr><tr><td>Lightning Protection<\/td><td>&nbsp;DC Ground<\/td><\/tr><tr><td><strong>Mechanical Specifications<\/strong><\/td><td>&nbsp;<\/td><\/tr><tr><td>Connector<\/td><td>6\u00d7SMA Male<\/td><\/tr><tr><td>Dimension-mm<\/td><td>&nbsp;\u00d8132\u00d7280<\/td><\/tr><tr><td>Weight-kg<\/td><td>&nbsp;0.7<\/td><\/tr><tr><td>Mounting-mm<\/td><td>&nbsp;Mast \u00d840-\u00d860<\/td><\/tr><tr><td>Radome Material<\/td><td>&nbsp;UV Resistance PVC<\/td><\/tr><tr><td>Rate Wind Velocity<\/td><td>&nbsp;210km\/h<\/td><\/tr><tr><td>Operating Temperature<\/td><td>&nbsp;-40\u2103 \u2013 +65\u2103<\/td><\/tr><\/tbody><\/table><\/figure>\n\n\n\n<p><\/p>","protected":false},"excerpt":{"rendered":"<p>Electrical Specifications Frequency-MHz 2400-2500\/5150-5850 Gain-dBi 5.5\/7.5 VSWR &lt;1.5\/&lt;2 Polarization &nbsp;6\u00d7Vertical Horizontal Beam Width &nbsp;360\u00b0 Vertical Beam Width 28\u00b0\/22\u00b0 Impedance-ohms &nbsp;50 Max. Input Power-W &nbsp;100 Lightning Protection &nbsp;DC Ground Mechanical Specifications &nbsp; Connector 6\u00d7SMA Male Dimension-mm &nbsp;\u00d8132\u00d7280 Weight-kg &nbsp;0.7 Mounting-mm &nbsp;Mast \u00d840-\u00d860 Radome Material &nbsp;UV Resistance PVC Rate Wind Velocity &nbsp;210km\/h Operating Temperature &nbsp;-40\u2103 \u2013 +65\u2103<\/p>","protected":false},"author":1,"featured_media":957,"template":"","meta":{"_acf_changed":false},"product-category":[30],"class_list":["post-956","product","type-product","status-publish","has-post-thumbnail","hentry","product-category-dual-band-wifi-antennas"],"acf":[],"_links":{"self":[{"href":"https:\/\/www.superb-antennas.com\/fr\/wp-json\/wp\/v2\/product\/956","targetHints":{"allow":["GET"]}}],"collection":[{"href":"https:\/\/www.superb-antennas.com\/fr\/wp-json\/wp\/v2\/product"}],"about":[{"href":"https:\/\/www.superb-antennas.com\/fr\/wp-json\/wp\/v2\/types\/product"}],"author":[{"embeddable":true,"href":"https:\/\/www.superb-antennas.com\/fr\/wp-json\/wp\/v2\/users\/1"}],"wp:featuredmedia":[{"embeddable":true,"href":"https:\/\/www.superb-antennas.com\/fr\/wp-json\/wp\/v2\/media\/957"}],"wp:attachment":[{"href":"https:\/\/www.superb-antennas.com\/fr\/wp-json\/wp\/v2\/media?parent=956"}],"wp:term":[{"taxonomy":"product-category","embeddable":true,"href":"https:\/\/www.superb-antennas.com\/fr\/wp-json\/wp\/v2\/product-category?post=956"}],"curies":[{"name":"wp","href":"https:\/\/api.w.org\/{rel}","templated":true}]}}