{"id":949,"date":"2025-01-02T15:31:27","date_gmt":"2025-01-02T07:31:27","guid":{"rendered":"https:\/\/superb-antennas.com\/?post_type=product&#038;p=949"},"modified":"2025-01-02T15:35:58","modified_gmt":"2025-01-02T07:35:58","slug":"2-4-5ghz-dual-band-6-ports-mimo-omnidirectional-ceiling-mount-antenna","status":"publish","type":"product","link":"https:\/\/www.superb-antennas.com\/fr\/product\/2-4-5ghz-dual-band-6-ports-mimo-omnidirectional-ceiling-mount-antenna\/","title":{"rendered":"2.4\/5GHz Dual Band 6-Ports MIMO Omnidirectional Ceiling Mount Antenna"},"content":{"rendered":"<figure class=\"wp-block-table\"><table class=\"has-fixed-layout\"><tbody><tr><td><strong>Electrical Specifications<\/strong><\/td><td colspan=\"2\">&nbsp;<\/td><\/tr><tr><td>Frequency- MHz<\/td><td>2400-2500<\/td><td>4900-5850<\/td><\/tr><tr><td>Gain-dBi<\/td><td>3<\/td><td>4<\/td><\/tr><tr><td>VSWR<\/td><td colspan=\"2\">&lt;2<\/td><\/tr><tr><td>Polarization<\/td><td colspan=\"2\">Vertical<\/td><\/tr><tr><td>Horizontal Beam Width<\/td><td colspan=\"2\">360\u00b0<\/td><\/tr><tr><td>Vertical Beam Width<\/td><td>65\u00b0<\/td><td>55\u00b0<\/td><\/tr><tr><td>Impedance<\/td><td colspan=\"2\">50 ohms<\/td><\/tr><tr><td>Max. Input Power<\/td><td colspan=\"2\">100W<\/td><\/tr><tr><td>Lightning Protection<\/td><td colspan=\"2\">DC Ground<\/td><\/tr><tr><td><strong>Mechanical Specifications<\/strong><\/td><td colspan=\"2\">&nbsp;<\/td><\/tr><tr><td>Connector<\/td><td colspan=\"2\">6\u00d7SMA Male<\/td><\/tr><tr><td>Dimension<\/td><td colspan=\"2\">\u00d8145\u00d765mm<\/td><\/tr><tr><td>Weight<\/td><td colspan=\"2\">0.25kg<\/td><\/tr><tr><td>Mounting<\/td><td colspan=\"2\">Ceiling Mount<\/td><\/tr><tr><td>Radome Material<\/td><td colspan=\"2\">ABS<\/td><\/tr><tr><td>Rate Wind Velocity<\/td><td colspan=\"2\">210km\/h<\/td><\/tr><tr><td>Operating Temperature<\/td><td colspan=\"2\">-40\u2103 \u2013 +65\u2103<\/td><\/tr><\/tbody><\/table><\/figure>","protected":false},"excerpt":{"rendered":"<p>Electrical Specifications &nbsp; Frequency- MHz 2400-2500 4900-5850 Gain-dBi 3 4 VSWR &lt;2 Polarization Vertical Horizontal Beam Width 360\u00b0 Vertical Beam Width 65\u00b0 55\u00b0 Impedance 50 ohms Max. Input Power 100W Lightning Protection DC Ground Mechanical Specifications &nbsp; Connector 6\u00d7SMA Male Dimension \u00d8145\u00d765mm Weight 0.25kg Mounting Ceiling Mount Radome Material ABS Rate Wind Velocity 210km\/h Operating [&hellip;]<\/p>","protected":false},"author":1,"featured_media":951,"template":"","meta":{"_acf_changed":false},"product-category":[30],"class_list":["post-949","product","type-product","status-publish","has-post-thumbnail","hentry","product-category-dual-band-wifi-antennas"],"acf":[],"_links":{"self":[{"href":"https:\/\/www.superb-antennas.com\/fr\/wp-json\/wp\/v2\/product\/949","targetHints":{"allow":["GET"]}}],"collection":[{"href":"https:\/\/www.superb-antennas.com\/fr\/wp-json\/wp\/v2\/product"}],"about":[{"href":"https:\/\/www.superb-antennas.com\/fr\/wp-json\/wp\/v2\/types\/product"}],"author":[{"embeddable":true,"href":"https:\/\/www.superb-antennas.com\/fr\/wp-json\/wp\/v2\/users\/1"}],"wp:featuredmedia":[{"embeddable":true,"href":"https:\/\/www.superb-antennas.com\/fr\/wp-json\/wp\/v2\/media\/951"}],"wp:attachment":[{"href":"https:\/\/www.superb-antennas.com\/fr\/wp-json\/wp\/v2\/media?parent=949"}],"wp:term":[{"taxonomy":"product-category","embeddable":true,"href":"https:\/\/www.superb-antennas.com\/fr\/wp-json\/wp\/v2\/product-category?post=949"}],"curies":[{"name":"wp","href":"https:\/\/api.w.org\/{rel}","templated":true}]}}