{"id":1773,"date":"2025-01-06T15:51:05","date_gmt":"2025-01-06T07:51:05","guid":{"rendered":"https:\/\/superb-antennas.com\/?post_type=product&#038;p=1773"},"modified":"2025-01-06T15:51:06","modified_gmt":"2025-01-06T07:51:06","slug":"433mhz-5-5dbi-fiberglass-uhf-base-station-omni-antenna","status":"publish","type":"product","link":"https:\/\/www.superb-antennas.com\/fr\/product\/433mhz-5-5dbi-fiberglass-uhf-base-station-omni-antenna\/","title":{"rendered":"433MHz 5.5dBi Fiberglass UHF Base Station Omni Antenna"},"content":{"rendered":"<figure class=\"wp-block-table\"><table class=\"has-fixed-layout\"><tbody><tr><td><strong>Electrical Specifications<\/strong><\/td><td>&nbsp;<\/td><\/tr><tr><td>Frequency<\/td><td>430-440 MHz<\/td><\/tr><tr><td>Gain<\/td><td>5.5 dBi<\/td><\/tr><tr><td>VSWR<\/td><td>&lt;1.5<\/td><\/tr><tr><td>Polarization<\/td><td>Vertical<\/td><\/tr><tr><td>Horizontal Beam Width<\/td><td>360\u00b0<\/td><\/tr><tr><td>Vertical Beam Width<\/td><td>40\u00b0<\/td><\/tr><tr><td>Impedance<\/td><td>50 ohms<\/td><\/tr><tr><td>Max. Input Power<\/td><td>100W<\/td><\/tr><tr><td>Lightning Protection<\/td><td>DC Ground<\/td><\/tr><tr><td><strong>Mechanical Specifications<\/strong><\/td><td>&nbsp;<\/td><\/tr><tr><td>Connector<\/td><td>N Female<\/td><\/tr><tr><td>Dimension<\/td><td>\u00d820\u00d71250 mm<\/td><\/tr><tr><td>Weight<\/td><td>0.75 kg<\/td><\/tr><tr><td>Mounting<\/td><td>Mast \u00d840-\u00d860 mm<\/td><\/tr><tr><td>Radome Material<\/td><td>Fiberglass (White)<\/td><\/tr><tr><td>Rate Wind Velocity<\/td><td>210km\/h<\/td><\/tr><tr><td>Operating Temperature<\/td><td>-40\u2103 \u2013 +65\u2103<\/td><\/tr><\/tbody><\/table><\/figure>\n\n\n\n<p><\/p>","protected":false},"excerpt":{"rendered":"<p>Electrical Specifications &nbsp; Frequency 430-440 MHz Gain 5.5 dBi VSWR &lt;1.5 Polarization Vertical Horizontal Beam Width 360\u00b0 Vertical Beam Width 40\u00b0 Impedance 50 ohms Max. Input Power 100W Lightning Protection DC Ground Mechanical Specifications &nbsp; Connector N Female Dimension \u00d820\u00d71250 mm Weight 0.75 kg Mounting Mast \u00d840-\u00d860 mm Radome Material Fiberglass (White) Rate Wind Velocity [&hellip;]<\/p>","protected":false},"author":1,"featured_media":1774,"template":"","meta":{"_acf_changed":false},"product-category":[66],"class_list":["post-1773","product","type-product","status-publish","has-post-thumbnail","hentry","product-category-vhf-uhf-omni-antennas"],"acf":[],"_links":{"self":[{"href":"https:\/\/www.superb-antennas.com\/fr\/wp-json\/wp\/v2\/product\/1773","targetHints":{"allow":["GET"]}}],"collection":[{"href":"https:\/\/www.superb-antennas.com\/fr\/wp-json\/wp\/v2\/product"}],"about":[{"href":"https:\/\/www.superb-antennas.com\/fr\/wp-json\/wp\/v2\/types\/product"}],"author":[{"embeddable":true,"href":"https:\/\/www.superb-antennas.com\/fr\/wp-json\/wp\/v2\/users\/1"}],"wp:featuredmedia":[{"embeddable":true,"href":"https:\/\/www.superb-antennas.com\/fr\/wp-json\/wp\/v2\/media\/1774"}],"wp:attachment":[{"href":"https:\/\/www.superb-antennas.com\/fr\/wp-json\/wp\/v2\/media?parent=1773"}],"wp:term":[{"taxonomy":"product-category","embeddable":true,"href":"https:\/\/www.superb-antennas.com\/fr\/wp-json\/wp\/v2\/product-category?post=1773"}],"curies":[{"name":"wp","href":"https:\/\/api.w.org\/{rel}","templated":true}]}}