{"id":1762,"date":"2025-01-06T15:45:00","date_gmt":"2025-01-06T07:45:00","guid":{"rendered":"https:\/\/superb-antennas.com\/?post_type=product&#038;p=1762"},"modified":"2025-01-06T15:45:01","modified_gmt":"2025-01-06T07:45:01","slug":"900mhz-12dbi-high-gain-directional-circular-polarized-long-distance-rfid-panel-antenna","status":"publish","type":"product","link":"https:\/\/www.superb-antennas.com\/fr\/product\/900mhz-12dbi-high-gain-directional-circular-polarized-long-distance-rfid-panel-antenna\/","title":{"rendered":"900MHz 12dBi High Gain Directional Circular Polarized Long Distance RFID Panel Antenna"},"content":{"rendered":"<figure class=\"wp-block-table\"><table class=\"has-fixed-layout\"><tbody><tr><td><strong>Electrical Specifications<\/strong><\/td><td>&nbsp;<\/td><\/tr><tr><td>Frequency<\/td><td>902-928 MHz<\/td><\/tr><tr><td>Gain<\/td><td>12 dBi<\/td><\/tr><tr><td>VSWR<\/td><td>&lt;1.5<\/td><\/tr><tr><td>Polarization<\/td><td>Circular (Right Hand)<\/td><\/tr><tr><td>Horizontal Beam Width<\/td><td>40\u00b0<\/td><\/tr><tr><td>Vertical Beam Width<\/td><td>40\u00b0<\/td><\/tr><tr><td>F\/B Ratio<\/td><td>\u226515dB<\/td><\/tr><tr><td>Impedance<\/td><td>50 ohms<\/td><\/tr><tr><td>Max. Input Power<\/td><td>100W<\/td><\/tr><tr><td>Lightning Protection<\/td><td>DC Ground<\/td><\/tr><tr><td><strong>Mechanical Specifications<\/strong><\/td><td>&nbsp;<\/td><\/tr><tr><td>Connector<\/td><td>N Female<\/td><\/tr><tr><td>Dimension<\/td><td>450\u00d7450\u00d740mm<\/td><\/tr><tr><td>Weight<\/td><td>2 kg<\/td><\/tr><tr><td>Mounting<\/td><td>Mast \u00d840-\u00d860 mm<\/td><\/tr><tr><td>Radome Material<\/td><td>ABS<\/td><\/tr><tr><td>Rate Wind Velocity<\/td><td>210km\/h<\/td><\/tr><tr><td>Operating Temperature<\/td><td>-40\u2103 \u2013 +65\u2103<\/td><\/tr><\/tbody><\/table><\/figure>\n\n\n\n<p><\/p>","protected":false},"excerpt":{"rendered":"<p>Electrical Specifications &nbsp; Frequency 902-928 MHz Gain 12 dBi VSWR &lt;1.5 Polarization Circular (Right Hand) Horizontal Beam Width 40\u00b0 Vertical Beam Width 40\u00b0 F\/B Ratio \u226515dB Impedance 50 ohms Max. Input Power 100W Lightning Protection DC Ground Mechanical Specifications &nbsp; Connector N Female Dimension 450\u00d7450\u00d740mm Weight 2 kg Mounting Mast \u00d840-\u00d860 mm Radome Material ABS [&hellip;]<\/p>","protected":false},"author":1,"featured_media":1763,"template":"","meta":{"_acf_changed":false},"product-category":[63],"class_list":["post-1762","product","type-product","status-publish","has-post-thumbnail","hentry","product-category-rfid-antennas"],"acf":[],"_links":{"self":[{"href":"https:\/\/www.superb-antennas.com\/fr\/wp-json\/wp\/v2\/product\/1762","targetHints":{"allow":["GET"]}}],"collection":[{"href":"https:\/\/www.superb-antennas.com\/fr\/wp-json\/wp\/v2\/product"}],"about":[{"href":"https:\/\/www.superb-antennas.com\/fr\/wp-json\/wp\/v2\/types\/product"}],"author":[{"embeddable":true,"href":"https:\/\/www.superb-antennas.com\/fr\/wp-json\/wp\/v2\/users\/1"}],"wp:featuredmedia":[{"embeddable":true,"href":"https:\/\/www.superb-antennas.com\/fr\/wp-json\/wp\/v2\/media\/1763"}],"wp:attachment":[{"href":"https:\/\/www.superb-antennas.com\/fr\/wp-json\/wp\/v2\/media?parent=1762"}],"wp:term":[{"taxonomy":"product-category","embeddable":true,"href":"https:\/\/www.superb-antennas.com\/fr\/wp-json\/wp\/v2\/product-category?post=1762"}],"curies":[{"name":"wp","href":"https:\/\/api.w.org\/{rel}","templated":true}]}}