{"id":1755,"date":"2025-01-06T15:35:54","date_gmt":"2025-01-06T07:35:54","guid":{"rendered":"https:\/\/superb-antennas.com\/?post_type=product&#038;p=1755"},"modified":"2025-01-06T15:42:18","modified_gmt":"2025-01-06T07:42:18","slug":"868mhz-9dbi-outdoor-circular-polarizedrhcp-directional-uhf-rfid-panel-antenna","status":"publish","type":"product","link":"https:\/\/www.superb-antennas.com\/fr\/product\/868mhz-9dbi-outdoor-circular-polarizedrhcp-directional-uhf-rfid-panel-antenna\/","title":{"rendered":"868MHz 9dBi Outdoor Circular Polarized(RHCP) Directional UHF RFID Panel Antenna"},"content":{"rendered":"<figure class=\"wp-block-table\"><table class=\"has-fixed-layout\"><tbody><tr><td><strong>Electrical Specifications<\/strong><\/td><td><\/td><\/tr><tr><td>Frequency<\/td><td>860-870 MHz<\/td><\/tr><tr><td>Gain<\/td><td>9&nbsp;dBi<\/td><\/tr><tr><td>VSWR<\/td><td>&lt;1.5<\/td><\/tr><tr><td>Polarization<\/td><td>Circular (Right Hand)<\/td><\/tr><tr><td>Horizontal Beam Width<\/td><td>65\u00b0<\/td><\/tr><tr><td>Vertical Beam Width<\/td><td>66\u00b0<\/td><\/tr><tr><td>Axial&nbsp;Ratio<\/td><td>2 dB<\/td><\/tr><tr><td>Impedance<\/td><td>50 ohms<\/td><\/tr><tr><td>Max. Input Power<\/td><td>50W<\/td><\/tr><tr><td>Lightning Protection<\/td><td>DC Ground<\/td><\/tr><tr><td><strong>Mechanical Specifications<\/strong><\/td><td>&nbsp;<\/td><\/tr><tr><td>Connector<\/td><td>N Female<\/td><\/tr><tr><td>Dimension<\/td><td>250\u00d7250\u00d735mm<\/td><\/tr><tr><td>Weight<\/td><td>0.5kg<\/td><\/tr><tr><td>Mounting<\/td><td>Mast \u00d840-\u00d860 mm<\/td><\/tr><tr><td>Radome Material<\/td><td>ABS<\/td><\/tr><tr><td>Rate Wind Velocity<\/td><td>210km\/h<\/td><\/tr><tr><td>Operating Temperature<\/td><td>-40\u2103 \u2013 +65\u2103<\/td><\/tr><\/tbody><\/table><\/figure>\n\n\n\n<p><\/p>","protected":false},"excerpt":{"rendered":"<p>Electrical Specifications Frequency 860-870 MHz Gain 9&nbsp;dBi VSWR &lt;1.5 Polarization Circular (Right Hand) Horizontal Beam Width 65\u00b0 Vertical Beam Width 66\u00b0 Axial&nbsp;Ratio 2 dB Impedance 50 ohms Max. Input Power 50W Lightning Protection DC Ground Mechanical Specifications &nbsp; Connector N Female Dimension 250\u00d7250\u00d735mm Weight 0.5kg Mounting Mast \u00d840-\u00d860 mm Radome Material ABS Rate Wind Velocity [&hellip;]<\/p>","protected":false},"author":1,"featured_media":1731,"template":"","meta":{"_acf_changed":false},"product-category":[63],"class_list":["post-1755","product","type-product","status-publish","has-post-thumbnail","hentry","product-category-rfid-antennas"],"acf":[],"_links":{"self":[{"href":"https:\/\/www.superb-antennas.com\/fr\/wp-json\/wp\/v2\/product\/1755","targetHints":{"allow":["GET"]}}],"collection":[{"href":"https:\/\/www.superb-antennas.com\/fr\/wp-json\/wp\/v2\/product"}],"about":[{"href":"https:\/\/www.superb-antennas.com\/fr\/wp-json\/wp\/v2\/types\/product"}],"author":[{"embeddable":true,"href":"https:\/\/www.superb-antennas.com\/fr\/wp-json\/wp\/v2\/users\/1"}],"wp:featuredmedia":[{"embeddable":true,"href":"https:\/\/www.superb-antennas.com\/fr\/wp-json\/wp\/v2\/media\/1731"}],"wp:attachment":[{"href":"https:\/\/www.superb-antennas.com\/fr\/wp-json\/wp\/v2\/media?parent=1755"}],"wp:term":[{"taxonomy":"product-category","embeddable":true,"href":"https:\/\/www.superb-antennas.com\/fr\/wp-json\/wp\/v2\/product-category?post=1755"}],"curies":[{"name":"wp","href":"https:\/\/api.w.org\/{rel}","templated":true}]}}