{"id":1737,"date":"2025-01-06T15:30:24","date_gmt":"2025-01-06T07:30:24","guid":{"rendered":"https:\/\/superb-antennas.com\/?post_type=product&#038;p=1737"},"modified":"2025-01-06T15:30:25","modified_gmt":"2025-01-06T07:30:25","slug":"868mhz-16dbi-directional-lora-helium-yagi-antenna","status":"publish","type":"product","link":"https:\/\/www.superb-antennas.com\/fr\/product\/868mhz-16dbi-directional-lora-helium-yagi-antenna\/","title":{"rendered":"868MHz 16dBi Directional LoRa Helium Yagi Antenna"},"content":{"rendered":"<figure class=\"wp-block-table\"><table class=\"has-fixed-layout\"><tbody><tr><td><strong>Electrical Specifications<\/strong><\/td><td>&nbsp;<\/td><\/tr><tr><td>Frequency<\/td><td>860-870 MHz<\/td><\/tr><tr><td>Gain<\/td><td>16 dBi<\/td><\/tr><tr><td>VSWR<\/td><td>&lt;1.5<\/td><\/tr><tr><td>Polarization<\/td><td>Vertical<\/td><\/tr><tr><td>Horizontal Beam Width<\/td><td>30\u00b0<\/td><\/tr><tr><td>Vertical Beam Width<\/td><td>27\u00b0<\/td><\/tr><tr><td>F\/B Ratio<\/td><td>\u226518dB<\/td><\/tr><tr><td>Impedance<\/td><td>50 ohms<\/td><\/tr><tr><td>Max. Input Power<\/td><td>100W<\/td><\/tr><tr><td>Lightning Protection<\/td><td>DC Ground<\/td><\/tr><tr><td><strong>Mechanical Specifications<\/strong><\/td><td>&nbsp;<\/td><\/tr><tr><td>Connector<\/td><td>N Female<\/td><\/tr><tr><td>Dimension<\/td><td>1520\u00d7200\u00d755 mm<\/td><\/tr><tr><td>Weight<\/td><td>1.1 kg<\/td><\/tr><tr><td>Mounting<\/td><td>Mast \u00d840-\u00d860 mm<\/td><\/tr><tr><td>Rate Wind Velocity<\/td><td>210km\/h<\/td><\/tr><tr><td>Operating Temperature<\/td><td>-40\u2103 \u2013 +65\u2103<\/td><\/tr><\/tbody><\/table><\/figure>\n\n\n\n<p><\/p>","protected":false},"excerpt":{"rendered":"<p>Electrical Specifications &nbsp; Frequency 860-870 MHz Gain 16 dBi VSWR &lt;1.5 Polarization Vertical Horizontal Beam Width 30\u00b0 Vertical Beam Width 27\u00b0 F\/B Ratio \u226518dB Impedance 50 ohms Max. Input Power 100W Lightning Protection DC Ground Mechanical Specifications &nbsp; Connector N Female Dimension 1520\u00d7200\u00d755 mm Weight 1.1 kg Mounting Mast \u00d840-\u00d860 mm Rate Wind Velocity 210km\/h [&hellip;]<\/p>","protected":false},"author":1,"featured_media":1735,"template":"","meta":{"_acf_changed":false},"product-category":[56],"class_list":["post-1737","product","type-product","status-publish","has-post-thumbnail","hentry","product-category-868-915-mhz-lora-antennas"],"acf":[],"_links":{"self":[{"href":"https:\/\/www.superb-antennas.com\/fr\/wp-json\/wp\/v2\/product\/1737","targetHints":{"allow":["GET"]}}],"collection":[{"href":"https:\/\/www.superb-antennas.com\/fr\/wp-json\/wp\/v2\/product"}],"about":[{"href":"https:\/\/www.superb-antennas.com\/fr\/wp-json\/wp\/v2\/types\/product"}],"author":[{"embeddable":true,"href":"https:\/\/www.superb-antennas.com\/fr\/wp-json\/wp\/v2\/users\/1"}],"wp:featuredmedia":[{"embeddable":true,"href":"https:\/\/www.superb-antennas.com\/fr\/wp-json\/wp\/v2\/media\/1735"}],"wp:attachment":[{"href":"https:\/\/www.superb-antennas.com\/fr\/wp-json\/wp\/v2\/media?parent=1737"}],"wp:term":[{"taxonomy":"product-category","embeddable":true,"href":"https:\/\/www.superb-antennas.com\/fr\/wp-json\/wp\/v2\/product-category?post=1737"}],"curies":[{"name":"wp","href":"https:\/\/api.w.org\/{rel}","templated":true}]}}