{"id":1708,"date":"2025-01-06T15:12:36","date_gmt":"2025-01-06T07:12:36","guid":{"rendered":"https:\/\/superb-antennas.com\/?post_type=product&#038;p=1708"},"modified":"2025-01-06T15:12:37","modified_gmt":"2025-01-06T07:12:37","slug":"868mhz-8dbi-outdoor-fiberglass-lorawan-omnidirectional-antenna","status":"publish","type":"product","link":"https:\/\/www.superb-antennas.com\/fr\/product\/868mhz-8dbi-outdoor-fiberglass-lorawan-omnidirectional-antenna\/","title":{"rendered":"868MHz 8dBi Outdoor Fiberglass LoRaWAN Omnidirectional Antenna"},"content":{"rendered":"<figure class=\"wp-block-table\"><table class=\"has-fixed-layout\"><tbody><tr><td><strong>Electrical Specifications<\/strong><\/td><td><\/td><\/tr><tr><td>Frequency<\/td><td>860-870 MHz<\/td><\/tr><tr><td>Gain<\/td><td>8 dBi<\/td><\/tr><tr><td>VSWR<\/td><td>&lt;1.5<\/td><\/tr><tr><td>Polarization<\/td><td>Vertical<\/td><\/tr><tr><td>Horizontal Beam Width<\/td><td>360\u00b0<\/td><\/tr><tr><td>Vertical Beam Width<\/td><td>16\u00b0<\/td><\/tr><tr><td>Impedance<\/td><td>50 ohms<\/td><\/tr><tr><td>Max. Input Power<\/td><td>100W<\/td><\/tr><tr><td>Lightning Protection<\/td><td>DC Ground<\/td><\/tr><tr><td><strong>Mechanical Specifications<\/strong><\/td><td>&nbsp;<\/td><\/tr><tr><td>Connector<\/td><td>N Female<\/td><\/tr><tr><td>Dimension<\/td><td>\u00d820\u00d71540mm<\/td><\/tr><tr><td>Weight<\/td><td>0.7&nbsp;kg<\/td><\/tr><tr><td>Mounting<\/td><td>Mast \u00d840-\u00d860 mm<\/td><\/tr><tr><td>Radome Material<\/td><td>Fiberglass (White)<\/td><\/tr><tr><td>Rate Wind Velocity<\/td><td>210km\/h<\/td><\/tr><tr><td>Operating Temperature<\/td><td>-40\u2103 \u2013 +65\u2103<\/td><\/tr><\/tbody><\/table><\/figure>\n\n\n\n<p><\/p>","protected":false},"excerpt":{"rendered":"<p>Electrical Specifications Frequency 860-870 MHz Gain 8 dBi VSWR &lt;1.5 Polarization Vertical Horizontal Beam Width 360\u00b0 Vertical Beam Width 16\u00b0 Impedance 50 ohms Max. Input Power 100W Lightning Protection DC Ground Mechanical Specifications &nbsp; Connector N Female Dimension \u00d820\u00d71540mm Weight 0.7&nbsp;kg Mounting Mast \u00d840-\u00d860 mm Radome Material Fiberglass (White) Rate Wind Velocity 210km\/h Operating Temperature [&hellip;]<\/p>","protected":false},"author":1,"featured_media":1709,"template":"","meta":{"_acf_changed":false},"product-category":[56],"class_list":["post-1708","product","type-product","status-publish","has-post-thumbnail","hentry","product-category-868-915-mhz-lora-antennas"],"acf":[],"_links":{"self":[{"href":"https:\/\/www.superb-antennas.com\/fr\/wp-json\/wp\/v2\/product\/1708","targetHints":{"allow":["GET"]}}],"collection":[{"href":"https:\/\/www.superb-antennas.com\/fr\/wp-json\/wp\/v2\/product"}],"about":[{"href":"https:\/\/www.superb-antennas.com\/fr\/wp-json\/wp\/v2\/types\/product"}],"author":[{"embeddable":true,"href":"https:\/\/www.superb-antennas.com\/fr\/wp-json\/wp\/v2\/users\/1"}],"wp:featuredmedia":[{"embeddable":true,"href":"https:\/\/www.superb-antennas.com\/fr\/wp-json\/wp\/v2\/media\/1709"}],"wp:attachment":[{"href":"https:\/\/www.superb-antennas.com\/fr\/wp-json\/wp\/v2\/media?parent=1708"}],"wp:term":[{"taxonomy":"product-category","embeddable":true,"href":"https:\/\/www.superb-antennas.com\/fr\/wp-json\/wp\/v2\/product-category?post=1708"}],"curies":[{"name":"wp","href":"https:\/\/api.w.org\/{rel}","templated":true}]}}