{"id":1318,"date":"2025-01-03T16:56:31","date_gmt":"2025-01-03T08:56:31","guid":{"rendered":"https:\/\/superb-antennas.com\/?post_type=product&#038;p=1318"},"modified":"2025-01-03T16:56:33","modified_gmt":"2025-01-03T08:56:33","slug":"860-930mhz-13dbi-120-degree-dual-polarity-2x2-mimo-sector-antenna","status":"publish","type":"product","link":"https:\/\/www.superb-antennas.com\/fr\/product\/860-930mhz-13dbi-120-degree-dual-polarity-2x2-mimo-sector-antenna\/","title":{"rendered":"860-930MHz 13dBi 120 Degree Dual Polarity 2\u00d72 MIMO Sector Antenna"},"content":{"rendered":"<figure class=\"wp-block-table\"><table class=\"has-fixed-layout\"><tbody><tr><td><strong>Electrical Specifications<\/strong><\/td><td>&nbsp;<\/td><\/tr><tr><td>Frequency-<\/td><td>860-930 MHz<\/td><\/tr><tr><td>Gain<\/td><td>13 dBi<\/td><\/tr><tr><td>VSWR<\/td><td>&lt;1.5<\/td><\/tr><tr><td>Polarization<\/td><td>\u00b145\u00b0<\/td><\/tr><tr><td>Horizontal Beam Width<\/td><td>120\u00b0<\/td><\/tr><tr><td>Vertical Beam Width<\/td><td>16\u00b0<\/td><\/tr><tr><td>F\/B Ratio<\/td><td>\u226523dB<\/td><\/tr><tr><td>Isolation<\/td><td>\u226528dB<\/td><\/tr><tr><td>Impedance<\/td><td>50 ohms<\/td><\/tr><tr><td>Max. Input Power<\/td><td>100W<\/td><\/tr><tr><td>Lightning Protection<\/td><td>DC Ground<\/td><\/tr><tr><td><strong>Mechanical Specifications<\/strong><\/td><td>&nbsp;<\/td><\/tr><tr><td>Connector<\/td><td>2\u00d7N Female<\/td><\/tr><tr><td>Dimension<\/td><td>1200\u00d7290\u00d7130mm<\/td><\/tr><tr><td>Weight<\/td><td>3kg<\/td><\/tr><tr><td>Mounting<\/td><td>Mast \u00d840-\u00d860 mm<\/td><\/tr><tr><td>Radome Material<\/td><td>UV Resistance PVC<\/td><\/tr><tr><td>Rate Wind Velocity<\/td><td>210km\/h<\/td><\/tr><tr><td>Operating Temperature<\/td><td>-40\u2103 \u2013 +65\u2103<\/td><\/tr><\/tbody><\/table><\/figure>\n\n\n\n<p><\/p>","protected":false},"excerpt":{"rendered":"<p>Electrical Specifications &nbsp; Frequency- 860-930 MHz Gain 13 dBi VSWR &lt;1.5 Polarization \u00b145\u00b0 Horizontal Beam Width 120\u00b0 Vertical Beam Width 16\u00b0 F\/B Ratio \u226523dB Isolation \u226528dB Impedance 50 ohms Max. Input Power 100W Lightning Protection DC Ground Mechanical Specifications &nbsp; Connector 2\u00d7N Female Dimension 1200\u00d7290\u00d7130mm Weight 3kg Mounting Mast \u00d840-\u00d860 mm Radome Material UV Resistance [&hellip;]<\/p>","protected":false},"author":1,"featured_media":1319,"template":"","meta":{"_acf_changed":false},"product-category":[56],"class_list":["post-1318","product","type-product","status-publish","has-post-thumbnail","hentry","product-category-868-915-mhz-lora-antennas"],"acf":[],"_links":{"self":[{"href":"https:\/\/www.superb-antennas.com\/fr\/wp-json\/wp\/v2\/product\/1318","targetHints":{"allow":["GET"]}}],"collection":[{"href":"https:\/\/www.superb-antennas.com\/fr\/wp-json\/wp\/v2\/product"}],"about":[{"href":"https:\/\/www.superb-antennas.com\/fr\/wp-json\/wp\/v2\/types\/product"}],"author":[{"embeddable":true,"href":"https:\/\/www.superb-antennas.com\/fr\/wp-json\/wp\/v2\/users\/1"}],"wp:featuredmedia":[{"embeddable":true,"href":"https:\/\/www.superb-antennas.com\/fr\/wp-json\/wp\/v2\/media\/1319"}],"wp:attachment":[{"href":"https:\/\/www.superb-antennas.com\/fr\/wp-json\/wp\/v2\/media?parent=1318"}],"wp:term":[{"taxonomy":"product-category","embeddable":true,"href":"https:\/\/www.superb-antennas.com\/fr\/wp-json\/wp\/v2\/product-category?post=1318"}],"curies":[{"name":"wp","href":"https:\/\/api.w.org\/{rel}","templated":true}]}}