{"id":1312,"date":"2025-01-03T16:52:51","date_gmt":"2025-01-03T08:52:51","guid":{"rendered":"https:\/\/superb-antennas.com\/?post_type=product&#038;p=1312"},"modified":"2025-01-03T16:52:52","modified_gmt":"2025-01-03T08:52:52","slug":"430-440mhz-13dbi-directional-uhf-yagi-antenna","status":"publish","type":"product","link":"https:\/\/www.superb-antennas.com\/fr\/product\/430-440mhz-13dbi-directional-uhf-yagi-antenna\/","title":{"rendered":"430-440MHz 13dBi Directional UHF Yagi Antenna"},"content":{"rendered":"<figure class=\"wp-block-table\"><table class=\"has-fixed-layout\"><tbody><tr><td><strong>Electrical Specifications<\/strong><\/td><td>&nbsp;<\/td><\/tr><tr><td>Frequency<\/td><td>430-440&nbsp;MHz<\/td><\/tr><tr><td>Gain<\/td><td>13&nbsp;dBi<\/td><\/tr><tr><td>VSWR<\/td><td>&lt;1.5<\/td><\/tr><tr><td>Polarization<\/td><td>Vertical<\/td><\/tr><tr><td>Horizontal Beam Width<\/td><td>38\u00b0<\/td><\/tr><tr><td>Vertical Beam Width<\/td><td>37\u00b0<\/td><\/tr><tr><td>F\/B Ratio<\/td><td>\u226515dB<\/td><\/tr><tr><td>Impedance<\/td><td>50 ohms<\/td><\/tr><tr><td>Max. Input Power<\/td><td>50W<\/td><\/tr><tr><td>Lightning Protection<\/td><td>DC Ground<\/td><\/tr><tr><td><strong>Mechanical Specifications<\/strong><\/td><td>&nbsp;<\/td><\/tr><tr><td>Connector<\/td><td>N Female<\/td><\/tr><tr><td>Dimension<\/td><td>1500\u00d7400\u00d780 mm<\/td><\/tr><tr><td>Weight<\/td><td>0.83&nbsp;kg<\/td><\/tr><tr><td>Mounting<\/td><td>Mast \u00d830-\u00d850 mm<\/td><\/tr><tr><td>Rate Wind Velocity<\/td><td>210km\/h<\/td><\/tr><tr><td>Operating Temperature<\/td><td>-40\u2103 \u2013 +65\u2103<\/td><\/tr><\/tbody><\/table><\/figure>\n\n\n\n<p><\/p>","protected":false},"excerpt":{"rendered":"<p>Electrical Specifications &nbsp; Frequency 430-440&nbsp;MHz Gain 13&nbsp;dBi VSWR &lt;1.5 Polarization Vertical Horizontal Beam Width 38\u00b0 Vertical Beam Width 37\u00b0 F\/B Ratio \u226515dB Impedance 50 ohms Max. Input Power 50W Lightning Protection DC Ground Mechanical Specifications &nbsp; Connector N Female Dimension 1500\u00d7400\u00d780 mm Weight 0.83&nbsp;kg Mounting Mast \u00d830-\u00d850 mm Rate Wind Velocity 210km\/h Operating Temperature -40\u2103 [&hellip;]<\/p>","protected":false},"author":1,"featured_media":1313,"template":"","meta":{"_acf_changed":false},"product-category":[55],"class_list":["post-1312","product","type-product","status-publish","has-post-thumbnail","hentry","product-category-433-mhz-lora-antennas"],"acf":[],"_links":{"self":[{"href":"https:\/\/www.superb-antennas.com\/fr\/wp-json\/wp\/v2\/product\/1312","targetHints":{"allow":["GET"]}}],"collection":[{"href":"https:\/\/www.superb-antennas.com\/fr\/wp-json\/wp\/v2\/product"}],"about":[{"href":"https:\/\/www.superb-antennas.com\/fr\/wp-json\/wp\/v2\/types\/product"}],"author":[{"embeddable":true,"href":"https:\/\/www.superb-antennas.com\/fr\/wp-json\/wp\/v2\/users\/1"}],"wp:featuredmedia":[{"embeddable":true,"href":"https:\/\/www.superb-antennas.com\/fr\/wp-json\/wp\/v2\/media\/1313"}],"wp:attachment":[{"href":"https:\/\/www.superb-antennas.com\/fr\/wp-json\/wp\/v2\/media?parent=1312"}],"wp:term":[{"taxonomy":"product-category","embeddable":true,"href":"https:\/\/www.superb-antennas.com\/fr\/wp-json\/wp\/v2\/product-category?post=1312"}],"curies":[{"name":"wp","href":"https:\/\/api.w.org\/{rel}","templated":true}]}}