{"id":1290,"date":"2025-01-03T16:27:17","date_gmt":"2025-01-03T08:27:17","guid":{"rendered":"https:\/\/superb-antennas.com\/?post_type=product&#038;p=1290"},"modified":"2025-01-05T22:33:37","modified_gmt":"2025-01-05T14:33:37","slug":"617-4200mhz-outdoor-2x2-mimo-4g-lte-5g-external-panel-antenna","status":"publish","type":"product","link":"https:\/\/www.superb-antennas.com\/fr\/product\/617-4200mhz-outdoor-2x2-mimo-4g-lte-5g-external-panel-antenna\/","title":{"rendered":"617-4200MHz Outdoor 2\u00d72 MIMO 4G LTE\/5G External Panel Antenna"},"content":{"rendered":"<figure class=\"wp-block-table\"><table class=\"has-fixed-layout\"><tbody><tr><td><strong>Electrical Specifications<\/strong><\/td><td>&nbsp;<\/td><\/tr><tr><td>Frequency-MHz<\/td><td>617-960\/1710-2700\/3300-4200<\/td><\/tr><tr><td>Gain-dBi<\/td><td>7\/8\/9<\/td><\/tr><tr><td>VSWR<\/td><td>&lt;2.5<\/td><\/tr><tr><td>Polarization<\/td><td>\u00b145\u00b0<\/td><\/tr><tr><td>Horizontal Beam Width<\/td><td>80\u00b18\u00b0<\/td><\/tr><tr><td>Vertical Beam Width<\/td><td>65\u00b15\u00b0<\/td><\/tr><tr><td>F\/B Ratio-dB<\/td><td>\u226518<\/td><\/tr><tr><td>Isolation-dB<\/td><td>\u226520<\/td><\/tr><tr><td>Impedance<\/td><td>50 ohms<\/td><\/tr><tr><td>Max. Input Power<\/td><td>100W<\/td><\/tr><tr><td>Lightning Protection<\/td><td>DC Ground<\/td><\/tr><tr><td><strong>Mechanical Specifications<\/strong><\/td><td>&nbsp;<\/td><\/tr><tr><td>Connector<\/td><td>2\u00d7N Female<\/td><\/tr><tr><td>Dimension<\/td><td>295\u00d7180\u00d770 mm<\/td><\/tr><tr><td>Weight<\/td><td>1.1 kg<\/td><\/tr><tr><td>Mounting<\/td><td>Mast \u00d830-\u00d850 mm<\/td><\/tr><tr><td>Radome Material<\/td><td>ABS<\/td><\/tr><tr><td>Rate Wind Velocity<\/td><td>210km\/h<\/td><\/tr><tr><td>Operating Temperature<\/td><td>-40\u2103 \u2013 +65\u2103<\/td><\/tr><\/tbody><\/table><\/figure>\n\n\n\n<p><\/p>","protected":false},"excerpt":{"rendered":"<p>Electrical Specifications &nbsp; Frequency-MHz 617-960\/1710-2700\/3300-4200 Gain-dBi 7\/8\/9 VSWR &lt;2.5 Polarization \u00b145\u00b0 Horizontal Beam Width 80\u00b18\u00b0 Vertical Beam Width 65\u00b15\u00b0 F\/B Ratio-dB \u226518 Isolation-dB \u226520 Impedance 50 ohms Max. Input Power 100W Lightning Protection DC Ground Mechanical Specifications &nbsp; Connector 2\u00d7N Female Dimension 295\u00d7180\u00d770 mm Weight 1.1 kg Mounting Mast \u00d830-\u00d850 mm Radome Material ABS Rate [&hellip;]<\/p>","protected":false},"author":1,"featured_media":1137,"template":"","meta":{"_acf_changed":false},"product-category":[28],"class_list":["post-1290","product","type-product","status-publish","has-post-thumbnail","hentry","product-category-4g-5g-antennas"],"acf":[],"_links":{"self":[{"href":"https:\/\/www.superb-antennas.com\/fr\/wp-json\/wp\/v2\/product\/1290","targetHints":{"allow":["GET"]}}],"collection":[{"href":"https:\/\/www.superb-antennas.com\/fr\/wp-json\/wp\/v2\/product"}],"about":[{"href":"https:\/\/www.superb-antennas.com\/fr\/wp-json\/wp\/v2\/types\/product"}],"author":[{"embeddable":true,"href":"https:\/\/www.superb-antennas.com\/fr\/wp-json\/wp\/v2\/users\/1"}],"wp:featuredmedia":[{"embeddable":true,"href":"https:\/\/www.superb-antennas.com\/fr\/wp-json\/wp\/v2\/media\/1137"}],"wp:attachment":[{"href":"https:\/\/www.superb-antennas.com\/fr\/wp-json\/wp\/v2\/media?parent=1290"}],"wp:term":[{"taxonomy":"product-category","embeddable":true,"href":"https:\/\/www.superb-antennas.com\/fr\/wp-json\/wp\/v2\/product-category?post=1290"}],"curies":[{"name":"wp","href":"https:\/\/api.w.org\/{rel}","templated":true}]}}