{"id":1287,"date":"2025-01-03T16:25:44","date_gmt":"2025-01-03T08:25:44","guid":{"rendered":"https:\/\/superb-antennas.com\/?post_type=product&#038;p=1287"},"modified":"2025-01-05T22:33:42","modified_gmt":"2025-01-05T14:33:42","slug":"outdoor-2g-3g-4g-lte-high-gain-log-periodic-antenna-698-2700mhz-11dbi","status":"publish","type":"product","link":"https:\/\/www.superb-antennas.com\/fr\/product\/outdoor-2g-3g-4g-lte-high-gain-log-periodic-antenna-698-2700mhz-11dbi\/","title":{"rendered":"Outdoor 2G\/3G\/4G LTE High Gain Log Periodic Antenna 698-2700MHz 11dBi"},"content":{"rendered":"<figure class=\"wp-block-table\"><table class=\"has-fixed-layout\"><tbody><tr><td><strong>Electrical Specifications<\/strong><\/td><td>&nbsp;<\/td><\/tr><tr><td>Frequency- MHz<\/td><td>698-960\/1710-2700<\/td><\/tr><tr><td>Gain-dBi<\/td><td>10\/11<\/td><\/tr><tr><td>VSWR<\/td><td>&lt;1.5<\/td><\/tr><tr><td>Polarization<\/td><td>Vertical or horizontal<\/td><\/tr><tr><td>Horizontal Beam Width<\/td><td>58\u00b0\/52\u00b0<\/td><\/tr><tr><td>Vertical Beam Width<\/td><td>52\u00b0\/48\u00b0<\/td><\/tr><tr><td>Impedance-ohms<\/td><td>50<\/td><\/tr><tr><td>Max. Input Power-W<\/td><td>100<\/td><\/tr><tr><td>Lightning Protection<\/td><td>DC Ground<\/td><\/tr><tr><td><strong>Mechanical Specifications<\/strong><\/td><td>&nbsp;<\/td><\/tr><tr><td>Connector<\/td><td>N Female<\/td><\/tr><tr><td>Dimension-mm<\/td><td>460\u00d7207\u00d765<\/td><\/tr><tr><td>Weight-kg<\/td><td>0.9<\/td><\/tr><tr><td>Mounting-mm<\/td><td>Mast \u00d840-\u00d860<\/td><\/tr><tr><td>Radome Material<\/td><td>ABS<\/td><\/tr><tr><td>Rate Wind Velocity<\/td><td>210km\/h<\/td><\/tr><tr><td>Operating Temperature<\/td><td>-40\u2103 \u2013 +65\u2103<\/td><\/tr><\/tbody><\/table><\/figure>\n\n\n\n<p><\/p>","protected":false},"excerpt":{"rendered":"<p>Electrical Specifications &nbsp; Frequency- MHz 698-960\/1710-2700 Gain-dBi 10\/11 VSWR &lt;1.5 Polarization Vertical or horizontal Horizontal Beam Width 58\u00b0\/52\u00b0 Vertical Beam Width 52\u00b0\/48\u00b0 Impedance-ohms 50 Max. Input Power-W 100 Lightning Protection DC Ground Mechanical Specifications &nbsp; Connector N Female Dimension-mm 460\u00d7207\u00d765 Weight-kg 0.9 Mounting-mm Mast \u00d840-\u00d860 Radome Material ABS Rate Wind Velocity 210km\/h Operating Temperature -40\u2103 [&hellip;]<\/p>","protected":false},"author":1,"featured_media":1288,"template":"","meta":{"_acf_changed":false},"product-category":[28],"class_list":["post-1287","product","type-product","status-publish","has-post-thumbnail","hentry","product-category-4g-5g-antennas"],"acf":[],"_links":{"self":[{"href":"https:\/\/www.superb-antennas.com\/fr\/wp-json\/wp\/v2\/product\/1287","targetHints":{"allow":["GET"]}}],"collection":[{"href":"https:\/\/www.superb-antennas.com\/fr\/wp-json\/wp\/v2\/product"}],"about":[{"href":"https:\/\/www.superb-antennas.com\/fr\/wp-json\/wp\/v2\/types\/product"}],"author":[{"embeddable":true,"href":"https:\/\/www.superb-antennas.com\/fr\/wp-json\/wp\/v2\/users\/1"}],"wp:featuredmedia":[{"embeddable":true,"href":"https:\/\/www.superb-antennas.com\/fr\/wp-json\/wp\/v2\/media\/1288"}],"wp:attachment":[{"href":"https:\/\/www.superb-antennas.com\/fr\/wp-json\/wp\/v2\/media?parent=1287"}],"wp:term":[{"taxonomy":"product-category","embeddable":true,"href":"https:\/\/www.superb-antennas.com\/fr\/wp-json\/wp\/v2\/product-category?post=1287"}],"curies":[{"name":"wp","href":"https:\/\/api.w.org\/{rel}","templated":true}]}}