{"id":1250,"date":"2025-01-03T15:37:27","date_gmt":"2025-01-03T07:37:27","guid":{"rendered":"https:\/\/superb-antennas.com\/?post_type=product&#038;p=1250"},"modified":"2025-01-03T15:37:27","modified_gmt":"2025-01-03T07:37:27","slug":"890-960mhz-16dbi-high-gain-directional-gsm-yagi-antenna","status":"publish","type":"product","link":"https:\/\/www.superb-antennas.com\/fr\/product\/890-960mhz-16dbi-high-gain-directional-gsm-yagi-antenna\/","title":{"rendered":"890-960MHz 16dBi High Gain Directional GSM Yagi Antenna"},"content":{"rendered":"<figure class=\"wp-block-table\"><table class=\"has-fixed-layout\"><tbody><tr><td><strong>Electrical Specifications<\/strong><\/td><td>&nbsp;<\/td><\/tr><tr><td>Frequency-MHz<\/td><td>890-960<\/td><\/tr><tr><td>Gain-dBi<\/td><td>16<\/td><\/tr><tr><td>VSWR<\/td><td>&lt;1.5<\/td><\/tr><tr><td>Polarization<\/td><td>Vertical<\/td><\/tr><tr><td>Horizontal Beam Width<\/td><td>30\u00b0<\/td><\/tr><tr><td>Vertical Beam Width<\/td><td>27\u00b0<\/td><\/tr><tr><td>F\/B Ratio<\/td><td>\u226518dB<\/td><\/tr><tr><td>Impedance-ohms<\/td><td>50<\/td><\/tr><tr><td>Max. Input Power-W<\/td><td>100<\/td><\/tr><tr><td>Lightning Protection<\/td><td>DC Ground<\/td><\/tr><tr><td><strong>Mechanical Specifications<\/strong><\/td><td>&nbsp;<\/td><\/tr><tr><td>Connector<\/td><td>N Female<\/td><\/tr><tr><td>Dimension-mm<\/td><td>1400\u00d7185\u00d755<\/td><\/tr><tr><td>Weight-kg<\/td><td>1.1<\/td><\/tr><tr><td>Mounting-mm<\/td><td>Mast \u00d840-\u00d860<\/td><\/tr><tr><td>Rate Wind Velocity<\/td><td>210km\/h<\/td><\/tr><tr><td>Operating Temperature<\/td><td>-40\u2103 \u2013 +65\u2103<\/td><\/tr><\/tbody><\/table><\/figure>\n\n\n\n<p><\/p>","protected":false},"excerpt":{"rendered":"<p>Electrical Specifications &nbsp; Frequency-MHz 890-960 Gain-dBi 16 VSWR &lt;1.5 Polarization Vertical Horizontal Beam Width 30\u00b0 Vertical Beam Width 27\u00b0 F\/B Ratio \u226518dB Impedance-ohms 50 Max. Input Power-W 100 Lightning Protection DC Ground Mechanical Specifications &nbsp; Connector N Female Dimension-mm 1400\u00d7185\u00d755 Weight-kg 1.1 Mounting-mm Mast \u00d840-\u00d860 Rate Wind Velocity 210km\/h Operating Temperature -40\u2103 \u2013 +65\u2103<\/p>","protected":false},"author":1,"featured_media":1251,"template":"","meta":{"_acf_changed":false},"product-category":[47],"class_list":["post-1250","product","type-product","status-publish","has-post-thumbnail","hentry","product-category-2g-3g-yagi-antennas"],"acf":[],"_links":{"self":[{"href":"https:\/\/www.superb-antennas.com\/fr\/wp-json\/wp\/v2\/product\/1250","targetHints":{"allow":["GET"]}}],"collection":[{"href":"https:\/\/www.superb-antennas.com\/fr\/wp-json\/wp\/v2\/product"}],"about":[{"href":"https:\/\/www.superb-antennas.com\/fr\/wp-json\/wp\/v2\/types\/product"}],"author":[{"embeddable":true,"href":"https:\/\/www.superb-antennas.com\/fr\/wp-json\/wp\/v2\/users\/1"}],"wp:featuredmedia":[{"embeddable":true,"href":"https:\/\/www.superb-antennas.com\/fr\/wp-json\/wp\/v2\/media\/1251"}],"wp:attachment":[{"href":"https:\/\/www.superb-antennas.com\/fr\/wp-json\/wp\/v2\/media?parent=1250"}],"wp:term":[{"taxonomy":"product-category","embeddable":true,"href":"https:\/\/www.superb-antennas.com\/fr\/wp-json\/wp\/v2\/product-category?post=1250"}],"curies":[{"name":"wp","href":"https:\/\/api.w.org\/{rel}","templated":true}]}}