{"id":1247,"date":"2025-01-03T15:35:27","date_gmt":"2025-01-03T07:35:27","guid":{"rendered":"https:\/\/superb-antennas.com\/?post_type=product&#038;p=1247"},"modified":"2025-01-03T15:35:28","modified_gmt":"2025-01-03T07:35:28","slug":"890-960mhz-14dbi-outdoor-directional-gsm-yagi-antenna","status":"publish","type":"product","link":"https:\/\/www.superb-antennas.com\/fr\/product\/890-960mhz-14dbi-outdoor-directional-gsm-yagi-antenna\/","title":{"rendered":"890-960MHz 14dBi Outdoor Directional GSM Yagi Antenna"},"content":{"rendered":"<figure class=\"wp-block-table\"><table class=\"has-fixed-layout\"><tbody><tr><td><strong>Electrical Specifications<\/strong><\/td><td>&nbsp;<\/td><\/tr><tr><td>Frequency<\/td><td>890-960 MHz<\/td><\/tr><tr><td>Gain<\/td><td>14 dBi<\/td><\/tr><tr><td>VSWR<\/td><td>&lt;1.5<\/td><\/tr><tr><td>Polarization<\/td><td>Vertical<\/td><\/tr><tr><td>Horizontal Beam Width<\/td><td>31\u00b0<\/td><\/tr><tr><td>Vertical Beam Width<\/td><td>29\u00b0<\/td><\/tr><tr><td>F\/B Ratio<\/td><td>\u226516dB<\/td><\/tr><tr><td>Impedance<\/td><td>50 ohms<\/td><\/tr><tr><td>Max. Input Power<\/td><td>100W<\/td><\/tr><tr><td>Lightning Protection<\/td><td>DC Ground<\/td><\/tr><tr><td><strong>Mechanical Specifications<\/strong><\/td><td>&nbsp;<\/td><\/tr><tr><td>Connector<\/td><td>N Female<\/td><\/tr><tr><td>Dimension<\/td><td>1080\u00d7185\u00d755mm<\/td><\/tr><tr><td>Weight<\/td><td>0.8kg<\/td><\/tr><tr><td>Mounting<\/td><td>Mast \u00d840-\u00d860 mm<\/td><\/tr><tr><td>Rate Wind Velocity<\/td><td>210km\/h<\/td><\/tr><tr><td>Operating Temperature<\/td><td>-40\u2103 \u2013 +65\u2103<\/td><\/tr><\/tbody><\/table><\/figure>\n\n\n\n<p><\/p>","protected":false},"excerpt":{"rendered":"<p>Electrical Specifications &nbsp; Frequency 890-960 MHz Gain 14 dBi VSWR &lt;1.5 Polarization Vertical Horizontal Beam Width 31\u00b0 Vertical Beam Width 29\u00b0 F\/B Ratio \u226516dB Impedance 50 ohms Max. Input Power 100W Lightning Protection DC Ground Mechanical Specifications &nbsp; Connector N Female Dimension 1080\u00d7185\u00d755mm Weight 0.8kg Mounting Mast \u00d840-\u00d860 mm Rate Wind Velocity 210km\/h Operating Temperature [&hellip;]<\/p>","protected":false},"author":1,"featured_media":1248,"template":"","meta":{"_acf_changed":false},"product-category":[47],"class_list":["post-1247","product","type-product","status-publish","has-post-thumbnail","hentry","product-category-2g-3g-yagi-antennas"],"acf":[],"_links":{"self":[{"href":"https:\/\/www.superb-antennas.com\/fr\/wp-json\/wp\/v2\/product\/1247","targetHints":{"allow":["GET"]}}],"collection":[{"href":"https:\/\/www.superb-antennas.com\/fr\/wp-json\/wp\/v2\/product"}],"about":[{"href":"https:\/\/www.superb-antennas.com\/fr\/wp-json\/wp\/v2\/types\/product"}],"author":[{"embeddable":true,"href":"https:\/\/www.superb-antennas.com\/fr\/wp-json\/wp\/v2\/users\/1"}],"wp:featuredmedia":[{"embeddable":true,"href":"https:\/\/www.superb-antennas.com\/fr\/wp-json\/wp\/v2\/media\/1248"}],"wp:attachment":[{"href":"https:\/\/www.superb-antennas.com\/fr\/wp-json\/wp\/v2\/media?parent=1247"}],"wp:term":[{"taxonomy":"product-category","embeddable":true,"href":"https:\/\/www.superb-antennas.com\/fr\/wp-json\/wp\/v2\/product-category?post=1247"}],"curies":[{"name":"wp","href":"https:\/\/api.w.org\/{rel}","templated":true}]}}