{"id":1242,"date":"2025-01-03T15:32:24","date_gmt":"2025-01-03T07:32:24","guid":{"rendered":"https:\/\/superb-antennas.com\/?post_type=product&#038;p=1242"},"modified":"2025-01-03T15:32:25","modified_gmt":"2025-01-03T07:32:25","slug":"824-960mhz-12dbi-directional-yagi-antenna","status":"publish","type":"product","link":"https:\/\/www.superb-antennas.com\/fr\/product\/824-960mhz-12dbi-directional-yagi-antenna\/","title":{"rendered":"824-960MHz 12dBi Directional Yagi Antenna"},"content":{"rendered":"<figure class=\"wp-block-table\"><table class=\"has-fixed-layout\"><tbody><tr><td><strong>Electrical Specifications<\/strong><\/td><td>&nbsp;<\/td><\/tr><tr><td>Frequency<\/td><td>824-960 MHz<\/td><\/tr><tr><td>Gain<\/td><td>12 dBi<\/td><\/tr><tr><td>VSWR<\/td><td>&lt;1.5<\/td><\/tr><tr><td>Polarization<\/td><td>Vertical<\/td><\/tr><tr><td>Horizontal Beam Width<\/td><td>45\u00b0<\/td><\/tr><tr><td>Vertical Beam Width<\/td><td>44\u00b0<\/td><\/tr><tr><td>F\/B Ratio<\/td><td>\u226515dB<\/td><\/tr><tr><td>Impedance<\/td><td>50 ohms<\/td><\/tr><tr><td>Max. Input Power<\/td><td>100W<\/td><\/tr><tr><td>Lightning Protection<\/td><td>DC Ground<\/td><\/tr><tr><td><strong>Mechanical Specifications<\/strong><\/td><td>&nbsp;<\/td><\/tr><tr><td>Connector<\/td><td>N Female<\/td><\/tr><tr><td>Dimension<\/td><td>870\u00d7185\u00d755 mm<\/td><\/tr><tr><td>Weight<\/td><td>0.7 kg<\/td><\/tr><tr><td>Mounting<\/td><td>Mast \u00d840-\u00d860 mm<\/td><\/tr><tr><td>Rate Wind Velocity<\/td><td>210km\/h<\/td><\/tr><tr><td>Operating Temperature<\/td><td>-40\u2103 \u2013 +65\u2103<\/td><\/tr><\/tbody><\/table><\/figure>\n\n\n\n<p><\/p>","protected":false},"excerpt":{"rendered":"<p>Electrical Specifications &nbsp; Frequency 824-960 MHz Gain 12 dBi VSWR &lt;1.5 Polarization Vertical Horizontal Beam Width 45\u00b0 Vertical Beam Width 44\u00b0 F\/B Ratio \u226515dB Impedance 50 ohms Max. Input Power 100W Lightning Protection DC Ground Mechanical Specifications &nbsp; Connector N Female Dimension 870\u00d7185\u00d755 mm Weight 0.7 kg Mounting Mast \u00d840-\u00d860 mm Rate Wind Velocity 210km\/h [&hellip;]<\/p>","protected":false},"author":1,"featured_media":1243,"template":"","meta":{"_acf_changed":false},"product-category":[47],"class_list":["post-1242","product","type-product","status-publish","has-post-thumbnail","hentry","product-category-2g-3g-yagi-antennas"],"acf":[],"_links":{"self":[{"href":"https:\/\/www.superb-antennas.com\/fr\/wp-json\/wp\/v2\/product\/1242","targetHints":{"allow":["GET"]}}],"collection":[{"href":"https:\/\/www.superb-antennas.com\/fr\/wp-json\/wp\/v2\/product"}],"about":[{"href":"https:\/\/www.superb-antennas.com\/fr\/wp-json\/wp\/v2\/types\/product"}],"author":[{"embeddable":true,"href":"https:\/\/www.superb-antennas.com\/fr\/wp-json\/wp\/v2\/users\/1"}],"wp:featuredmedia":[{"embeddable":true,"href":"https:\/\/www.superb-antennas.com\/fr\/wp-json\/wp\/v2\/media\/1243"}],"wp:attachment":[{"href":"https:\/\/www.superb-antennas.com\/fr\/wp-json\/wp\/v2\/media?parent=1242"}],"wp:term":[{"taxonomy":"product-category","embeddable":true,"href":"https:\/\/www.superb-antennas.com\/fr\/wp-json\/wp\/v2\/product-category?post=1242"}],"curies":[{"name":"wp","href":"https:\/\/api.w.org\/{rel}","templated":true}]}}