{"id":1228,"date":"2025-01-03T15:23:07","date_gmt":"2025-01-03T07:23:07","guid":{"rendered":"https:\/\/superb-antennas.com\/?post_type=product&#038;p=1228"},"modified":"2025-01-03T15:23:09","modified_gmt":"2025-01-03T07:23:09","slug":"824-960mhz-8dbi-high-gain-outdoor-omnidirectional-fiberglass-antenna","status":"publish","type":"product","link":"https:\/\/www.superb-antennas.com\/fr\/product\/824-960mhz-8dbi-high-gain-outdoor-omnidirectional-fiberglass-antenna\/","title":{"rendered":"824-960MHz 8dBi High Gain Outdoor Omnidirectional Fiberglass Antenna"},"content":{"rendered":"<figure class=\"wp-block-table\"><table class=\"has-fixed-layout\"><tbody><tr><td><strong>Electrical Specifications<\/strong><\/td><td>&nbsp;<\/td><\/tr><tr><td>Frequency-MHz<\/td><td>824-960<\/td><\/tr><tr><td>Gain-dBi<\/td><td>8<\/td><\/tr><tr><td>VSWR<\/td><td>&lt;1.8<\/td><\/tr><tr><td>Polarization<\/td><td>Vertical<\/td><\/tr><tr><td>Horizontal Beam Width<\/td><td>360\u00b0<\/td><\/tr><tr><td>Vertical Beam Width<\/td><td>16\u00b0<\/td><\/tr><tr><td>Impedance-ohms<\/td><td>50<\/td><\/tr><tr><td>Max. Input Power-W<\/td><td>100<\/td><\/tr><tr><td>Lightning Protection<\/td><td>DC Ground<\/td><\/tr><tr><td><strong>Mechanical Specifications<\/strong><\/td><td>&nbsp;<\/td><\/tr><tr><td>Connector<\/td><td>N Female<\/td><\/tr><tr><td>Dimension-mm<\/td><td>\u00d825\u00d71540<\/td><\/tr><tr><td>Weight-kg<\/td><td>0.9<\/td><\/tr><tr><td>Mounting-mm<\/td><td>Mast \u00d840-\u00d860<\/td><\/tr><tr><td>Radome Material<\/td><td>Fiberglass (White)<\/td><\/tr><tr><td>Rate Wind Velocity<\/td><td>210km\/h<\/td><\/tr><tr><td>Operating Temperature<\/td><td>-40\u2103 \u2013 +65\u2103<\/td><\/tr><\/tbody><\/table><\/figure>\n\n\n\n<p><\/p>","protected":false},"excerpt":{"rendered":"<p>Electrical Specifications &nbsp; Frequency-MHz 824-960 Gain-dBi 8 VSWR &lt;1.8 Polarization Vertical Horizontal Beam Width 360\u00b0 Vertical Beam Width 16\u00b0 Impedance-ohms 50 Max. Input Power-W 100 Lightning Protection DC Ground Mechanical Specifications &nbsp; Connector N Female Dimension-mm \u00d825\u00d71540 Weight-kg 0.9 Mounting-mm Mast \u00d840-\u00d860 Radome Material Fiberglass (White) Rate Wind Velocity 210km\/h Operating Temperature -40\u2103 \u2013 +65\u2103<\/p>","protected":false},"author":1,"featured_media":1039,"template":"","meta":{"_acf_changed":false},"product-category":[46],"class_list":["post-1228","product","type-product","status-publish","has-post-thumbnail","hentry","product-category-2g-3g-omni-antennas"],"acf":[],"_links":{"self":[{"href":"https:\/\/www.superb-antennas.com\/fr\/wp-json\/wp\/v2\/product\/1228","targetHints":{"allow":["GET"]}}],"collection":[{"href":"https:\/\/www.superb-antennas.com\/fr\/wp-json\/wp\/v2\/product"}],"about":[{"href":"https:\/\/www.superb-antennas.com\/fr\/wp-json\/wp\/v2\/types\/product"}],"author":[{"embeddable":true,"href":"https:\/\/www.superb-antennas.com\/fr\/wp-json\/wp\/v2\/users\/1"}],"wp:featuredmedia":[{"embeddable":true,"href":"https:\/\/www.superb-antennas.com\/fr\/wp-json\/wp\/v2\/media\/1039"}],"wp:attachment":[{"href":"https:\/\/www.superb-antennas.com\/fr\/wp-json\/wp\/v2\/media?parent=1228"}],"wp:term":[{"taxonomy":"product-category","embeddable":true,"href":"https:\/\/www.superb-antennas.com\/fr\/wp-json\/wp\/v2\/product-category?post=1228"}],"curies":[{"name":"wp","href":"https:\/\/api.w.org\/{rel}","templated":true}]}}