{"id":1208,"date":"2025-01-03T15:17:42","date_gmt":"2025-01-03T07:17:42","guid":{"rendered":"https:\/\/superb-antennas.com\/?post_type=product&#038;p=1208"},"modified":"2025-01-03T15:18:00","modified_gmt":"2025-01-03T07:18:00","slug":"698-2700mhz-4-6dbi-outdoor-high-gain-3g-4g-lte-omnidirectional-antenna","status":"publish","type":"product","link":"https:\/\/www.superb-antennas.com\/fr\/product\/698-2700mhz-4-6dbi-outdoor-high-gain-3g-4g-lte-omnidirectional-antenna\/","title":{"rendered":"698-2700MHz 4\/6dBi Outdoor High Gain 3G\/4G LTE Omnidirectional Antenna"},"content":{"rendered":"<figure class=\"wp-block-table\"><table class=\"has-fixed-layout\"><tbody><tr><td><strong>Electrical Specifications<\/strong><\/td><td>&nbsp;<\/td><\/tr><tr><td>Frequency-MHz<\/td><td>698-960\/1710-2700<\/td><\/tr><tr><td>Gain-dBi<\/td><td>4\/6<\/td><\/tr><tr><td>VSWR<\/td><td>&lt;2.5<\/td><\/tr><tr><td>Polarization<\/td><td>Vertical<\/td><\/tr><tr><td>Horizontal Beam Width<\/td><td>360\u00b0<\/td><\/tr><tr><td>Vertical Beam Width<\/td><td>38\u00b0<\/td><\/tr><tr><td>Impedance<\/td><td>50 ohms<\/td><\/tr><tr><td>Max. Input Power<\/td><td>100W<\/td><\/tr><tr><td>Lightning Protection<\/td><td>DC Ground<\/td><\/tr><tr><td><strong>Mechanical Specifications<\/strong><\/td><td>&nbsp;<\/td><\/tr><tr><td>Connector<\/td><td>N Female<\/td><\/tr><tr><td>Dimension<\/td><td>\u00d880\u00d7490 mm<\/td><\/tr><tr><td>Weight<\/td><td>0.9 kg<\/td><\/tr><tr><td>Mounting<\/td><td>Mast \u00d840-\u00d860 mm<\/td><\/tr><tr><td>Radome Material<\/td><td>UV PVC<\/td><\/tr><tr><td>Rate Wind Velocity<\/td><td>210km\/h<\/td><\/tr><tr><td>Operating Temperature<\/td><td>-40\u2103 \u2013 +65\u2103<\/td><\/tr><\/tbody><\/table><\/figure>\n\n\n\n<p><\/p>","protected":false},"excerpt":{"rendered":"<p>Electrical Specifications &nbsp; Frequency-MHz 698-960\/1710-2700 Gain-dBi 4\/6 VSWR &lt;2.5 Polarization Vertical Horizontal Beam Width 360\u00b0 Vertical Beam Width 38\u00b0 Impedance 50 ohms Max. Input Power 100W Lightning Protection DC Ground Mechanical Specifications &nbsp; Connector N Female Dimension \u00d880\u00d7490 mm Weight 0.9 kg Mounting Mast \u00d840-\u00d860 mm Radome Material UV PVC Rate Wind Velocity 210km\/h Operating [&hellip;]<\/p>","protected":false},"author":1,"featured_media":1210,"template":"","meta":{"_acf_changed":false},"product-category":[46],"class_list":["post-1208","product","type-product","status-publish","has-post-thumbnail","hentry","product-category-2g-3g-omni-antennas"],"acf":[],"_links":{"self":[{"href":"https:\/\/www.superb-antennas.com\/fr\/wp-json\/wp\/v2\/product\/1208","targetHints":{"allow":["GET"]}}],"collection":[{"href":"https:\/\/www.superb-antennas.com\/fr\/wp-json\/wp\/v2\/product"}],"about":[{"href":"https:\/\/www.superb-antennas.com\/fr\/wp-json\/wp\/v2\/types\/product"}],"author":[{"embeddable":true,"href":"https:\/\/www.superb-antennas.com\/fr\/wp-json\/wp\/v2\/users\/1"}],"wp:featuredmedia":[{"embeddable":true,"href":"https:\/\/www.superb-antennas.com\/fr\/wp-json\/wp\/v2\/media\/1210"}],"wp:attachment":[{"href":"https:\/\/www.superb-antennas.com\/fr\/wp-json\/wp\/v2\/media?parent=1208"}],"wp:term":[{"taxonomy":"product-category","embeddable":true,"href":"https:\/\/www.superb-antennas.com\/fr\/wp-json\/wp\/v2\/product-category?post=1208"}],"curies":[{"name":"wp","href":"https:\/\/api.w.org\/{rel}","templated":true}]}}