{"id":1204,"date":"2025-01-03T15:08:54","date_gmt":"2025-01-03T07:08:54","guid":{"rendered":"https:\/\/superb-antennas.com\/?post_type=product&#038;p=1204"},"modified":"2025-01-03T15:10:01","modified_gmt":"2025-01-03T07:10:01","slug":"2-5-2-7ghz-12dbi-outdoor-omnidirectional-wimax-antenna","status":"publish","type":"product","link":"https:\/\/www.superb-antennas.com\/fr\/product\/2-5-2-7ghz-12dbi-outdoor-omnidirectional-wimax-antenna\/","title":{"rendered":"2.5-2.7GHz 12dBi Outdoor Omnidirectional WiMax Antenna"},"content":{"rendered":"<figure class=\"wp-block-table\"><table class=\"has-fixed-layout\"><tbody><tr><td><strong>Electrical Specifications<\/strong><\/td><td><\/td><\/tr><tr><td>Frequency<\/td><td>2500-2700 MHz<\/td><\/tr><tr><td>Gain<\/td><td>12 dBi<\/td><\/tr><tr><td>VSWR<\/td><td>&lt;1.5<\/td><\/tr><tr><td>Polarization<\/td><td>Vertical<\/td><\/tr><tr><td>Horizontal Beam Width<\/td><td>360\u00b0<\/td><\/tr><tr><td>Vertical Beam Width<\/td><td>7\u00b0<\/td><\/tr><tr><td>Impedance<\/td><td>50 ohms<\/td><\/tr><tr><td>Max. Input Power<\/td><td>100W<\/td><\/tr><tr><td>Lightning Protection<\/td><td>DC Ground<\/td><\/tr><tr><td><strong>Mechanical Specifications<\/strong><\/td><td>&nbsp;<\/td><\/tr><tr><td>Connector<\/td><td>N Female<\/td><\/tr><tr><td>Dimension<\/td><td>\u00d825\u00d71000mm<\/td><\/tr><tr><td>Weight<\/td><td>0.7kg<\/td><\/tr><tr><td>Mounting<\/td><td>Mast \u00d840-\u00d860 mm<\/td><\/tr><tr><td>Radome Material<\/td><td>Fiberglass (White)<\/td><\/tr><tr><td>Rate Wind Velocity<\/td><td>210km\/h<\/td><\/tr><tr><td>Operating Temperature<\/td><td>-40\u2103 \u2013 +65\u2103<\/td><\/tr><\/tbody><\/table><\/figure>\n\n\n\n<p><\/p>","protected":false},"excerpt":{"rendered":"<p>Electrical Specifications Frequency 2500-2700 MHz Gain 12 dBi VSWR &lt;1.5 Polarization Vertical Horizontal Beam Width 360\u00b0 Vertical Beam Width 7\u00b0 Impedance 50 ohms Max. Input Power 100W Lightning Protection DC Ground Mechanical Specifications &nbsp; Connector N Female Dimension \u00d825\u00d71000mm Weight 0.7kg Mounting Mast \u00d840-\u00d860 mm Radome Material Fiberglass (White) Rate Wind Velocity 210km\/h Operating Temperature [&hellip;]<\/p>","protected":false},"author":1,"featured_media":1039,"template":"","meta":{"_acf_changed":false},"product-category":[43],"class_list":["post-1204","product","type-product","status-publish","has-post-thumbnail","hentry","product-category-omni-wimax-antennas"],"acf":[],"_links":{"self":[{"href":"https:\/\/www.superb-antennas.com\/fr\/wp-json\/wp\/v2\/product\/1204","targetHints":{"allow":["GET"]}}],"collection":[{"href":"https:\/\/www.superb-antennas.com\/fr\/wp-json\/wp\/v2\/product"}],"about":[{"href":"https:\/\/www.superb-antennas.com\/fr\/wp-json\/wp\/v2\/types\/product"}],"author":[{"embeddable":true,"href":"https:\/\/www.superb-antennas.com\/fr\/wp-json\/wp\/v2\/users\/1"}],"wp:featuredmedia":[{"embeddable":true,"href":"https:\/\/www.superb-antennas.com\/fr\/wp-json\/wp\/v2\/media\/1039"}],"wp:attachment":[{"href":"https:\/\/www.superb-antennas.com\/fr\/wp-json\/wp\/v2\/media?parent=1204"}],"wp:term":[{"taxonomy":"product-category","embeddable":true,"href":"https:\/\/www.superb-antennas.com\/fr\/wp-json\/wp\/v2\/product-category?post=1204"}],"curies":[{"name":"wp","href":"https:\/\/api.w.org\/{rel}","templated":true}]}}