{"id":1189,"date":"2025-01-03T14:52:57","date_gmt":"2025-01-03T06:52:57","guid":{"rendered":"https:\/\/superb-antennas.com\/?post_type=product&#038;p=1189"},"modified":"2025-01-03T14:52:58","modified_gmt":"2025-01-03T06:52:58","slug":"1710-2170mhz-16dbi-90-degree-dual-slant-polarity-mimo-sector-antenna","status":"publish","type":"product","link":"https:\/\/www.superb-antennas.com\/fr\/product\/1710-2170mhz-16dbi-90-degree-dual-slant-polarity-mimo-sector-antenna\/","title":{"rendered":"1710-2170MHz 16dBi 90 Degree Dual Slant Polarity MIMO Sector Antenna"},"content":{"rendered":"<figure class=\"wp-block-table\"><table class=\"has-fixed-layout\"><tbody><tr><td><strong>Electrical Specifications<\/strong><\/td><td>&nbsp;<\/td><\/tr><tr><td>Frequency<\/td><td>1710-2170 MHz<\/td><\/tr><tr><td>Gain<\/td><td>16 dBi<\/td><\/tr><tr><td>VSWR<\/td><td>&lt;1.7<\/td><\/tr><tr><td>Polarization<\/td><td>\u00b145\u00b0<\/td><\/tr><tr><td>Horizontal Beam Width<\/td><td>90\u00b0<\/td><\/tr><tr><td>Vertical Beam Width<\/td><td>7.5\u00b0<\/td><\/tr><tr><td>F\/B Ratio<\/td><td>\u226520dB<\/td><\/tr><tr><td>Isolation<\/td><td>\u226528dB<\/td><\/tr><tr><td>Impedance<\/td><td>50 ohms<\/td><\/tr><tr><td>Max. Input Power<\/td><td>100W<\/td><\/tr><tr><td>Lightning Protection<\/td><td>DC Ground<\/td><\/tr><tr><td><strong>Mechanical Specifications<\/strong><\/td><td>&nbsp;<\/td><\/tr><tr><td>Connector<\/td><td>2\u00d7N Female<\/td><\/tr><tr><td>Dimension<\/td><td>1400\u00d7170\u00d780mm<\/td><\/tr><tr><td>Weight<\/td><td>3kg<\/td><\/tr><tr><td>Mounting<\/td><td>Mast \u00d840-\u00d860 mm<\/td><\/tr><tr><td>Radome Material<\/td><td>UV Resistance PVC<\/td><\/tr><tr><td>Rate Wind Velocity<\/td><td>210km\/h<\/td><\/tr><tr><td>Operating Temperature<\/td><td>-40\u2103 \u2013 +65\u2103<\/td><\/tr><\/tbody><\/table><\/figure>\n\n\n\n<p><\/p>","protected":false},"excerpt":{"rendered":"<p>Electrical Specifications &nbsp; Frequency 1710-2170 MHz Gain 16 dBi VSWR &lt;1.7 Polarization \u00b145\u00b0 Horizontal Beam Width 90\u00b0 Vertical Beam Width 7.5\u00b0 F\/B Ratio \u226520dB Isolation \u226528dB Impedance 50 ohms Max. Input Power 100W Lightning Protection DC Ground Mechanical Specifications &nbsp; Connector 2\u00d7N Female Dimension 1400\u00d7170\u00d780mm Weight 3kg Mounting Mast \u00d840-\u00d860 mm Radome Material UV Resistance [&hellip;]<\/p>","protected":false},"author":1,"featured_media":1182,"template":"","meta":{"_acf_changed":false},"product-category":[41],"class_list":["post-1189","product","type-product","status-publish","has-post-thumbnail","hentry","product-category-mimo-sector-antennas"],"acf":[],"_links":{"self":[{"href":"https:\/\/www.superb-antennas.com\/fr\/wp-json\/wp\/v2\/product\/1189","targetHints":{"allow":["GET"]}}],"collection":[{"href":"https:\/\/www.superb-antennas.com\/fr\/wp-json\/wp\/v2\/product"}],"about":[{"href":"https:\/\/www.superb-antennas.com\/fr\/wp-json\/wp\/v2\/types\/product"}],"author":[{"embeddable":true,"href":"https:\/\/www.superb-antennas.com\/fr\/wp-json\/wp\/v2\/users\/1"}],"wp:featuredmedia":[{"embeddable":true,"href":"https:\/\/www.superb-antennas.com\/fr\/wp-json\/wp\/v2\/media\/1182"}],"wp:attachment":[{"href":"https:\/\/www.superb-antennas.com\/fr\/wp-json\/wp\/v2\/media?parent=1189"}],"wp:term":[{"taxonomy":"product-category","embeddable":true,"href":"https:\/\/www.superb-antennas.com\/fr\/wp-json\/wp\/v2\/product-category?post=1189"}],"curies":[{"name":"wp","href":"https:\/\/api.w.org\/{rel}","templated":true}]}}