{"id":1177,"date":"2025-01-03T14:46:38","date_gmt":"2025-01-03T06:46:38","guid":{"rendered":"https:\/\/superb-antennas.com\/?post_type=product&#038;p=1177"},"modified":"2025-01-03T14:46:39","modified_gmt":"2025-01-03T06:46:39","slug":"617-6000mhz-outdoor-4x4-mimo-4g-lte-5g-omni-antenna","status":"publish","type":"product","link":"https:\/\/www.superb-antennas.com\/fr\/product\/617-6000mhz-outdoor-4x4-mimo-4g-lte-5g-omni-antenna\/","title":{"rendered":"617-6000MHz Outdoor 4\u00d74 MIMO 4G LTE\/5G Omni Antenna"},"content":{"rendered":"<figure class=\"wp-block-table\"><table class=\"has-fixed-layout\"><tbody><tr><td><strong>Electrical Specifications<\/strong><\/td><td>&nbsp;<\/td><\/tr><tr><td>Frequency-MHz<\/td><td>617-960\/1710-3800\/4900-6000<\/td><\/tr><tr><td>Gain-dBi<\/td><td>2.5\/3.5\/4<\/td><\/tr><tr><td>VSWR<\/td><td>&lt;2.5<\/td><\/tr><tr><td>Polarization<\/td><td>Vertical<\/td><\/tr><tr><td>Horizontal Beam Width<\/td><td>360\u00b0<\/td><\/tr><tr><td>Vertical Beam Width<\/td><td>60\u00b0<\/td><\/tr><tr><td>Impedance<\/td><td>50 ohms<\/td><\/tr><tr><td>Max. Input Power<\/td><td>50W<\/td><\/tr><tr><td>Lightning Protection<\/td><td>DC Ground<\/td><\/tr><tr><td><strong>Mechanical Specifications<\/strong><\/td><td>&nbsp;<\/td><\/tr><tr><td>Connector<\/td><td>4xRP-SMA male<\/td><\/tr><tr><td>Cable<\/td><td>30cm RG58U<\/td><\/tr><tr><td>Dimension<\/td><td>\u00d8132\u00d7220 mm<\/td><\/tr><tr><td>Weight<\/td><td>1.2 kg<\/td><\/tr><tr><td>Mounting<\/td><td>Mast \u00d840-\u00d860 mm<\/td><\/tr><tr><td>Radome Material<\/td><td>UV PVC<\/td><\/tr><tr><td>Rate Wind Velocity<\/td><td>210km\/h<\/td><\/tr><tr><td>Operating Temperature<\/td><td>-40\u2103 \u2013 +65\u2103<\/td><\/tr><\/tbody><\/table><\/figure>\n\n\n\n<p><\/p>","protected":false},"excerpt":{"rendered":"<p>Electrical Specifications &nbsp; Frequency-MHz 617-960\/1710-3800\/4900-6000 Gain-dBi 2.5\/3.5\/4 VSWR &lt;2.5 Polarization Vertical Horizontal Beam Width 360\u00b0 Vertical Beam Width 60\u00b0 Impedance 50 ohms Max. Input Power 50W Lightning Protection DC Ground Mechanical Specifications &nbsp; Connector 4xRP-SMA male Cable 30cm RG58U Dimension \u00d8132\u00d7220 mm Weight 1.2 kg Mounting Mast \u00d840-\u00d860 mm Radome Material UV PVC Rate Wind [&hellip;]<\/p>","protected":false},"author":1,"featured_media":957,"template":"","meta":{"_acf_changed":false},"product-category":[40],"class_list":["post-1177","product","type-product","status-publish","has-post-thumbnail","hentry","product-category-mimo-omni-antennas"],"acf":[],"_links":{"self":[{"href":"https:\/\/www.superb-antennas.com\/fr\/wp-json\/wp\/v2\/product\/1177","targetHints":{"allow":["GET"]}}],"collection":[{"href":"https:\/\/www.superb-antennas.com\/fr\/wp-json\/wp\/v2\/product"}],"about":[{"href":"https:\/\/www.superb-antennas.com\/fr\/wp-json\/wp\/v2\/types\/product"}],"author":[{"embeddable":true,"href":"https:\/\/www.superb-antennas.com\/fr\/wp-json\/wp\/v2\/users\/1"}],"wp:featuredmedia":[{"embeddable":true,"href":"https:\/\/www.superb-antennas.com\/fr\/wp-json\/wp\/v2\/media\/957"}],"wp:attachment":[{"href":"https:\/\/www.superb-antennas.com\/fr\/wp-json\/wp\/v2\/media?parent=1177"}],"wp:term":[{"taxonomy":"product-category","embeddable":true,"href":"https:\/\/www.superb-antennas.com\/fr\/wp-json\/wp\/v2\/product-category?post=1177"}],"curies":[{"name":"wp","href":"https:\/\/api.w.org\/{rel}","templated":true}]}}