{"id":1151,"date":"2025-01-03T11:46:22","date_gmt":"2025-01-03T03:46:22","guid":{"rendered":"https:\/\/superb-antennas.com\/?post_type=product&#038;p=1151"},"modified":"2025-01-03T11:46:23","modified_gmt":"2025-01-03T03:46:23","slug":"2-3-2-7ghz-14dbi-outdoor-directional-dual-slant-polarity-mimo-panel-antenna","status":"publish","type":"product","link":"https:\/\/www.superb-antennas.com\/fr\/product\/2-3-2-7ghz-14dbi-outdoor-directional-dual-slant-polarity-mimo-panel-antenna\/","title":{"rendered":"2.3-2.7GHz 14dBi Outdoor Directional Dual Slant Polarity MIMO Panel Antenna"},"content":{"rendered":"<figure class=\"wp-block-table\"><table class=\"has-fixed-layout\"><tbody><tr><td><strong>Electrical Specifications<\/strong><\/td><td>&nbsp;<\/td><\/tr><tr><td>Frequency<\/td><td>2300-2700 MHz<\/td><\/tr><tr><td>Gain<\/td><td>14 dBi<\/td><\/tr><tr><td>VSWR<\/td><td>&lt;1.5<\/td><\/tr><tr><td>Polarization<\/td><td>\u00b145\u00b0<\/td><\/tr><tr><td>Horizontal Beam Width<\/td><td>40\u00b0<\/td><\/tr><tr><td>Vertical Beam Width<\/td><td>40\u00b0<\/td><\/tr><tr><td>F\/B Ratio<\/td><td>\u226520dB<\/td><\/tr><tr><td>Isolation<\/td><td>\u226528dB<\/td><\/tr><tr><td>Impedance<\/td><td>50 ohms<\/td><\/tr><tr><td>Max. Input Power<\/td><td>100W<\/td><\/tr><tr><td>Lightning Protection<\/td><td>DC Ground<\/td><\/tr><tr><td><strong>Mechanical Specifications<\/strong><\/td><td>&nbsp;<\/td><\/tr><tr><td>Connector<\/td><td>2\u00d7N Female<\/td><\/tr><tr><td>Dimension<\/td><td>260\u00d7170\u00d760mm<\/td><\/tr><tr><td>Weight<\/td><td>0.5kg<\/td><\/tr><tr><td>Mounting<\/td><td>Mast \u00d840-\u00d860 mm<\/td><\/tr><tr><td>Radome Material<\/td><td>ABS<\/td><\/tr><tr><td>Rate Wind Velocity<\/td><td>210km\/h<\/td><\/tr><tr><td>Operating Temperature<\/td><td>-40\u2103 \u2013 +65\u2103<\/td><\/tr><\/tbody><\/table><\/figure>\n\n\n\n<p><\/p>","protected":false},"excerpt":{"rendered":"<p>Electrical Specifications &nbsp; Frequency 2300-2700 MHz Gain 14 dBi VSWR &lt;1.5 Polarization \u00b145\u00b0 Horizontal Beam Width 40\u00b0 Vertical Beam Width 40\u00b0 F\/B Ratio \u226520dB Isolation \u226528dB Impedance 50 ohms Max. Input Power 100W Lightning Protection DC Ground Mechanical Specifications &nbsp; Connector 2\u00d7N Female Dimension 260\u00d7170\u00d760mm Weight 0.5kg Mounting Mast \u00d840-\u00d860 mm Radome Material ABS Rate [&hellip;]<\/p>","protected":false},"author":1,"featured_media":1137,"template":"","meta":{"_acf_changed":false},"product-category":[39],"class_list":["post-1151","product","type-product","status-publish","has-post-thumbnail","hentry","product-category-mimo-panel-antennas"],"acf":[],"_links":{"self":[{"href":"https:\/\/www.superb-antennas.com\/fr\/wp-json\/wp\/v2\/product\/1151","targetHints":{"allow":["GET"]}}],"collection":[{"href":"https:\/\/www.superb-antennas.com\/fr\/wp-json\/wp\/v2\/product"}],"about":[{"href":"https:\/\/www.superb-antennas.com\/fr\/wp-json\/wp\/v2\/types\/product"}],"author":[{"embeddable":true,"href":"https:\/\/www.superb-antennas.com\/fr\/wp-json\/wp\/v2\/users\/1"}],"wp:featuredmedia":[{"embeddable":true,"href":"https:\/\/www.superb-antennas.com\/fr\/wp-json\/wp\/v2\/media\/1137"}],"wp:attachment":[{"href":"https:\/\/www.superb-antennas.com\/fr\/wp-json\/wp\/v2\/media?parent=1151"}],"wp:term":[{"taxonomy":"product-category","embeddable":true,"href":"https:\/\/www.superb-antennas.com\/fr\/wp-json\/wp\/v2\/product-category?post=1151"}],"curies":[{"name":"wp","href":"https:\/\/api.w.org\/{rel}","templated":true}]}}