{"id":1105,"date":"2025-01-03T11:18:31","date_gmt":"2025-01-03T03:18:31","guid":{"rendered":"https:\/\/superb-antennas.com\/?post_type=product&#038;p=1105"},"modified":"2025-01-03T11:18:31","modified_gmt":"2025-01-03T03:18:31","slug":"2-4ghz-15dbi-directional-parabolic-grid-wifi-antenna","status":"publish","type":"product","link":"https:\/\/www.superb-antennas.com\/fr\/product\/2-4ghz-15dbi-directional-parabolic-grid-wifi-antenna\/","title":{"rendered":"2.4GHz 15dBi Directional Parabolic Grid WiFi Antenna"},"content":{"rendered":"<figure class=\"wp-block-table\"><table class=\"has-fixed-layout\"><tbody><tr><td><strong>Electrical Specifications<\/strong><\/td><td>&nbsp;<\/td><\/tr><tr><td>Frequency<\/td><td>2400-2500 MHz<\/td><\/tr><tr><td>Gain<\/td><td>15 dBi<\/td><\/tr><tr><td>VSWR<\/td><td>&lt;1.5<\/td><\/tr><tr><td>Polarization<\/td><td>Vertical<\/td><\/tr><tr><td>Horizontal Beam Width<\/td><td>16\u00b0<\/td><\/tr><tr><td>Vertical Beam Width<\/td><td>21\u00b0<\/td><\/tr><tr><td>F\/B Ratio<\/td><td>\u226520dB<\/td><\/tr><tr><td>Impedance<\/td><td>50 ohms<\/td><\/tr><tr><td>Max. Input Power<\/td><td>100W<\/td><\/tr><tr><td>Lightning Protection<\/td><td>DC Ground<\/td><\/tr><tr><td><strong>Mechanical Specifications<\/strong><\/td><td>&nbsp;<\/td><\/tr><tr><td>Connector<\/td><td>N Female<\/td><\/tr><tr><td>Dimension<\/td><td>300\u00d7400mm<\/td><\/tr><tr><td>Weight<\/td><td>1.5kg<\/td><\/tr><tr><td>Mounting<\/td><td>Mast \u00d840-\u00d860 mm<\/td><\/tr><tr><td>Rate Wind Velocity<\/td><td>210km\/h<\/td><\/tr><tr><td>Operating Temperature<\/td><td>-40\u2103 \u2013 +65\u2103<\/td><\/tr><\/tbody><\/table><\/figure>\n\n\n\n<p><\/p>","protected":false},"excerpt":{"rendered":"<p>Electrical Specifications &nbsp; Frequency 2400-2500 MHz Gain 15 dBi VSWR &lt;1.5 Polarization Vertical Horizontal Beam Width 16\u00b0 Vertical Beam Width 21\u00b0 F\/B Ratio \u226520dB Impedance 50 ohms Max. Input Power 100W Lightning Protection DC Ground Mechanical Specifications &nbsp; Connector N Female Dimension 300\u00d7400mm Weight 1.5kg Mounting Mast \u00d840-\u00d860 mm Rate Wind Velocity 210km\/h Operating Temperature [&hellip;]<\/p>","protected":false},"author":1,"featured_media":1106,"template":"","meta":{"_acf_changed":false},"product-category":[37],"class_list":["post-1105","product","type-product","status-publish","has-post-thumbnail","hentry","product-category-parabolic-wifi-antennas"],"acf":[],"_links":{"self":[{"href":"https:\/\/www.superb-antennas.com\/fr\/wp-json\/wp\/v2\/product\/1105","targetHints":{"allow":["GET"]}}],"collection":[{"href":"https:\/\/www.superb-antennas.com\/fr\/wp-json\/wp\/v2\/product"}],"about":[{"href":"https:\/\/www.superb-antennas.com\/fr\/wp-json\/wp\/v2\/types\/product"}],"author":[{"embeddable":true,"href":"https:\/\/www.superb-antennas.com\/fr\/wp-json\/wp\/v2\/users\/1"}],"wp:featuredmedia":[{"embeddable":true,"href":"https:\/\/www.superb-antennas.com\/fr\/wp-json\/wp\/v2\/media\/1106"}],"wp:attachment":[{"href":"https:\/\/www.superb-antennas.com\/fr\/wp-json\/wp\/v2\/media?parent=1105"}],"wp:term":[{"taxonomy":"product-category","embeddable":true,"href":"https:\/\/www.superb-antennas.com\/fr\/wp-json\/wp\/v2\/product-category?post=1105"}],"curies":[{"name":"wp","href":"https:\/\/api.w.org\/{rel}","templated":true}]}}