{"id":1103,"date":"2025-01-03T11:16:40","date_gmt":"2025-01-03T03:16:40","guid":{"rendered":"https:\/\/superb-antennas.com\/?post_type=product&#038;p=1103"},"modified":"2025-01-03T11:16:41","modified_gmt":"2025-01-03T03:16:41","slug":"5ghz-34dbi-outdoor-high-gain-directional-mimo-parabolic-dish-antenna","status":"publish","type":"product","link":"https:\/\/www.superb-antennas.com\/fr\/product\/5ghz-34dbi-outdoor-high-gain-directional-mimo-parabolic-dish-antenna\/","title":{"rendered":"5GHz 34dBi Outdoor High Gain Directional MIMO Parabolic Dish Antenna"},"content":{"rendered":"<figure class=\"wp-block-table\"><table class=\"has-fixed-layout\"><tbody><tr><td><strong>Electrical Specifications<\/strong><\/td><td><\/td><\/tr><tr><td>Frequency<\/td><td>4900-5850 MHz<\/td><\/tr><tr><td>Gain<\/td><td>34 dBi<\/td><\/tr><tr><td>VSWR<\/td><td>&lt;1.5<\/td><\/tr><tr><td>Polarization<\/td><td>Horizontal and Vertical<\/td><\/tr><tr><td>Horizontal Beam Width<\/td><td>3.3\u00b0<\/td><\/tr><tr><td>Vertical Beam Width<\/td><td>3.3\u00b0<\/td><\/tr><tr><td>F\/B Ratio<\/td><td>\u226540dB<\/td><\/tr><tr><td>Impedance<\/td><td>50 ohms<\/td><\/tr><tr><td>Max. Input Power<\/td><td>100W<\/td><\/tr><tr><td>Lightning Protection<\/td><td>DC Ground<\/td><\/tr><tr><td><strong>Mechanical Specifications<\/strong><\/td><td>&nbsp;<\/td><\/tr><tr><td>Connector<\/td><td>2\u00d7N Female<\/td><\/tr><tr><td>Dimension<\/td><td>\u00d8900mm<\/td><\/tr><tr><td>Weight<\/td><td>9.5kg<\/td><\/tr><tr><td>Mounting<\/td><td>Mast \u00d840-\u00d860 mm<\/td><\/tr><tr><td>Rate Wind Velocity<\/td><td>210km\/h<\/td><\/tr><tr><td>Operating Temperature<\/td><td>-40\u2103 \u2013 +65\u2103<\/td><\/tr><\/tbody><\/table><\/figure>\n\n\n\n<p><\/p>","protected":false},"excerpt":{"rendered":"<p>Electrical Specifications Frequency 4900-5850 MHz Gain 34 dBi VSWR &lt;1.5 Polarization Horizontal and Vertical Horizontal Beam Width 3.3\u00b0 Vertical Beam Width 3.3\u00b0 F\/B Ratio \u226540dB Impedance 50 ohms Max. Input Power 100W Lightning Protection DC Ground Mechanical Specifications &nbsp; Connector 2\u00d7N Female Dimension \u00d8900mm Weight 9.5kg Mounting Mast \u00d840-\u00d860 mm Rate Wind Velocity 210km\/h Operating [&hellip;]<\/p>","protected":false},"author":1,"featured_media":1092,"template":"","meta":{"_acf_changed":false},"product-category":[37],"class_list":["post-1103","product","type-product","status-publish","has-post-thumbnail","hentry","product-category-parabolic-wifi-antennas"],"acf":[],"_links":{"self":[{"href":"https:\/\/www.superb-antennas.com\/fr\/wp-json\/wp\/v2\/product\/1103","targetHints":{"allow":["GET"]}}],"collection":[{"href":"https:\/\/www.superb-antennas.com\/fr\/wp-json\/wp\/v2\/product"}],"about":[{"href":"https:\/\/www.superb-antennas.com\/fr\/wp-json\/wp\/v2\/types\/product"}],"author":[{"embeddable":true,"href":"https:\/\/www.superb-antennas.com\/fr\/wp-json\/wp\/v2\/users\/1"}],"wp:featuredmedia":[{"embeddable":true,"href":"https:\/\/www.superb-antennas.com\/fr\/wp-json\/wp\/v2\/media\/1092"}],"wp:attachment":[{"href":"https:\/\/www.superb-antennas.com\/fr\/wp-json\/wp\/v2\/media?parent=1103"}],"wp:term":[{"taxonomy":"product-category","embeddable":true,"href":"https:\/\/www.superb-antennas.com\/fr\/wp-json\/wp\/v2\/product-category?post=1103"}],"curies":[{"name":"wp","href":"https:\/\/api.w.org\/{rel}","templated":true}]}}