{"id":1075,"date":"2025-01-03T10:50:00","date_gmt":"2025-01-03T02:50:00","guid":{"rendered":"https:\/\/superb-antennas.com\/?post_type=product&#038;p=1075"},"modified":"2025-01-03T10:50:01","modified_gmt":"2025-01-03T02:50:01","slug":"2-4ghz-17dbi-90-2x2-dual-polarized-outdoor-base-station-mimo-sector-antenna","status":"publish","type":"product","link":"https:\/\/www.superb-antennas.com\/fr\/product\/2-4ghz-17dbi-90-2x2-dual-polarized-outdoor-base-station-mimo-sector-antenna\/","title":{"rendered":"2.4GHz 17dBi 90\u00b0 2\u00d72 Dual Polarized Outdoor Base Station MIMO Sector Antenna"},"content":{"rendered":"<figure class=\"wp-block-table\"><table class=\"has-fixed-layout\"><tbody><tr><td><strong>Electrical Specifications<\/strong><\/td><td>&nbsp;<\/td><\/tr><tr><td>Frequency<\/td><td>2400-2500 MHz<\/td><\/tr><tr><td>Gain<\/td><td>17 dBi<\/td><\/tr><tr><td>VSWR<\/td><td>&lt;1.8<\/td><\/tr><tr><td>Polarization<\/td><td>Horizontal and Vertical<\/td><\/tr><tr><td>Horizontal Beam Width<\/td><td>90\u00b0<\/td><\/tr><tr><td>Vertical Beam Width<\/td><td>6\u00b0<\/td><\/tr><tr><td>F\/B Ratio<\/td><td>\u226520dB<\/td><\/tr><tr><td>Isolation<\/td><td>\u226528dB<\/td><\/tr><tr><td>Impedance<\/td><td>50 ohms<\/td><\/tr><tr><td>Max. Input Power<\/td><td>100W<\/td><\/tr><tr><td>Lightning Protection<\/td><td>DC Ground<\/td><\/tr><tr><td><strong>Mechanical Specifications<\/strong><\/td><td>&nbsp;<\/td><\/tr><tr><td>Connector<\/td><td>2\u00d7N Female<\/td><\/tr><tr><td>Dimension<\/td><td>1300\u00d7134\u00d764mm<\/td><\/tr><tr><td>Weight<\/td><td>3.5kg<\/td><\/tr><tr><td>Mounting<\/td><td>Mast \u00d840-\u00d860 mm<\/td><\/tr><tr><td>Radome Material<\/td><td>ABS<\/td><\/tr><tr><td>Rate Wind Velocity<\/td><td>210km\/h<\/td><\/tr><tr><td>Operating Temperature<\/td><td>-40\u2103 \u2013 +65\u2103<\/td><\/tr><\/tbody><\/table><\/figure>\n\n\n\n<p><\/p>","protected":false},"excerpt":{"rendered":"<p>Electrical Specifications &nbsp; Frequency 2400-2500 MHz Gain 17 dBi VSWR &lt;1.8 Polarization Horizontal and Vertical Horizontal Beam Width 90\u00b0 Vertical Beam Width 6\u00b0 F\/B Ratio \u226520dB Isolation \u226528dB Impedance 50 ohms Max. Input Power 100W Lightning Protection DC Ground Mechanical Specifications &nbsp; Connector 2\u00d7N Female Dimension 1300\u00d7134\u00d764mm Weight 3.5kg Mounting Mast \u00d840-\u00d860 mm Radome Material [&hellip;]<\/p>","protected":false},"author":1,"featured_media":1073,"template":"","meta":{"_acf_changed":false},"product-category":[36],"class_list":["post-1075","product","type-product","status-publish","has-post-thumbnail","hentry","product-category-sector-wifi-antennas"],"acf":[],"_links":{"self":[{"href":"https:\/\/www.superb-antennas.com\/fr\/wp-json\/wp\/v2\/product\/1075","targetHints":{"allow":["GET"]}}],"collection":[{"href":"https:\/\/www.superb-antennas.com\/fr\/wp-json\/wp\/v2\/product"}],"about":[{"href":"https:\/\/www.superb-antennas.com\/fr\/wp-json\/wp\/v2\/types\/product"}],"author":[{"embeddable":true,"href":"https:\/\/www.superb-antennas.com\/fr\/wp-json\/wp\/v2\/users\/1"}],"wp:featuredmedia":[{"embeddable":true,"href":"https:\/\/www.superb-antennas.com\/fr\/wp-json\/wp\/v2\/media\/1073"}],"wp:attachment":[{"href":"https:\/\/www.superb-antennas.com\/fr\/wp-json\/wp\/v2\/media?parent=1075"}],"wp:term":[{"taxonomy":"product-category","embeddable":true,"href":"https:\/\/www.superb-antennas.com\/fr\/wp-json\/wp\/v2\/product-category?post=1075"}],"curies":[{"name":"wp","href":"https:\/\/api.w.org\/{rel}","templated":true}]}}