{"id":1038,"date":"2025-01-02T16:44:36","date_gmt":"2025-01-02T08:44:36","guid":{"rendered":"https:\/\/superb-antennas.com\/?post_type=product&#038;p=1038"},"modified":"2025-01-02T16:44:51","modified_gmt":"2025-01-02T08:44:51","slug":"2-4ghz-8dbi-outdoor-long-range-omnidirectional-wifi-antenna","status":"publish","type":"product","link":"https:\/\/www.superb-antennas.com\/fr\/product\/2-4ghz-8dbi-outdoor-long-range-omnidirectional-wifi-antenna\/","title":{"rendered":"2.4GHz 8dBi Outdoor Long Range Omnidirectional WiFi Antenna"},"content":{"rendered":"<figure class=\"wp-block-table\"><table class=\"has-fixed-layout\"><tbody><tr><td><strong>Electrical Specifications<\/strong><\/td><td>&nbsp;<\/td><\/tr><tr><td>Frequency<\/td><td>2400-2500 MHz<\/td><\/tr><tr><td>Gain<\/td><td>8 dBi<\/td><\/tr><tr><td>VSWR<\/td><td>&lt;1.5<\/td><\/tr><tr><td>Polarization<\/td><td>Vertical<\/td><\/tr><tr><td>Horizontal Beam Width<\/td><td>360\u00b0<\/td><\/tr><tr><td>Vertical Beam Width<\/td><td>18\u00b0<\/td><\/tr><tr><td>Impedance<\/td><td>50 ohms<\/td><\/tr><tr><td>Max. Input Power<\/td><td>100W<\/td><\/tr><tr><td>Lightning Protection<\/td><td>DC Ground<\/td><\/tr><tr><td><strong>Mechanical Specifications<\/strong><\/td><td>&nbsp;<\/td><\/tr><tr><td>Connector<\/td><td>N Female<\/td><\/tr><tr><td>Dimension<\/td><td>\u00d820\u00d7550mm<\/td><\/tr><tr><td>Weight<\/td><td>0.5kg<\/td><\/tr><tr><td>Mounting<\/td><td>Mast \u00d840-\u00d860 mm<\/td><\/tr><tr><td>Radome Material<\/td><td>Fiberglass (White)<\/td><\/tr><tr><td>Rate Wind Velocity<\/td><td>210km\/h<\/td><\/tr><tr><td>Ingress Protection<\/td><td>IP66<\/td><\/tr><tr><td>Operating Temperature<\/td><td>-40\u2103 \u2013 +65\u2103<\/td><\/tr><\/tbody><\/table><\/figure>\n\n\n\n<p><\/p>","protected":false},"excerpt":{"rendered":"<p>Electrical Specifications &nbsp; Frequency 2400-2500 MHz Gain 8 dBi VSWR &lt;1.5 Polarization Vertical Horizontal Beam Width 360\u00b0 Vertical Beam Width 18\u00b0 Impedance 50 ohms Max. Input Power 100W Lightning Protection DC Ground Mechanical Specifications &nbsp; Connector N Female Dimension \u00d820\u00d7550mm Weight 0.5kg Mounting Mast \u00d840-\u00d860 mm Radome Material Fiberglass (White) Rate Wind Velocity 210km\/h Ingress [&hellip;]<\/p>","protected":false},"author":1,"featured_media":1039,"template":"","meta":{"_acf_changed":false},"product-category":[33],"class_list":["post-1038","product","type-product","status-publish","has-post-thumbnail","hentry","product-category-omnidirectional-wifi-antennas"],"acf":[],"_links":{"self":[{"href":"https:\/\/www.superb-antennas.com\/fr\/wp-json\/wp\/v2\/product\/1038","targetHints":{"allow":["GET"]}}],"collection":[{"href":"https:\/\/www.superb-antennas.com\/fr\/wp-json\/wp\/v2\/product"}],"about":[{"href":"https:\/\/www.superb-antennas.com\/fr\/wp-json\/wp\/v2\/types\/product"}],"author":[{"embeddable":true,"href":"https:\/\/www.superb-antennas.com\/fr\/wp-json\/wp\/v2\/users\/1"}],"wp:featuredmedia":[{"embeddable":true,"href":"https:\/\/www.superb-antennas.com\/fr\/wp-json\/wp\/v2\/media\/1039"}],"wp:attachment":[{"href":"https:\/\/www.superb-antennas.com\/fr\/wp-json\/wp\/v2\/media?parent=1038"}],"wp:term":[{"taxonomy":"product-category","embeddable":true,"href":"https:\/\/www.superb-antennas.com\/fr\/wp-json\/wp\/v2\/product-category?post=1038"}],"curies":[{"name":"wp","href":"https:\/\/api.w.org\/{rel}","templated":true}]}}