{"id":1035,"date":"2025-01-02T16:37:33","date_gmt":"2025-01-02T08:37:33","guid":{"rendered":"https:\/\/superb-antennas.com\/?post_type=product&#038;p=1035"},"modified":"2025-01-02T16:51:25","modified_gmt":"2025-01-02T08:51:25","slug":"2-4ghz-13dbi-outdoor-dual-polarized-2x2-mimo-omnidirectional-wifi-antenna","status":"publish","type":"product","link":"https:\/\/www.superb-antennas.com\/fr\/product\/2-4ghz-13dbi-outdoor-dual-polarized-2x2-mimo-omnidirectional-wifi-antenna\/","title":{"rendered":"2.4GHz 13dBi Outdoor Dual Polarized 2\u00d72 MIMO Omnidirectional WiFi Antenna"},"content":{"rendered":"<figure class=\"wp-block-table\"><table class=\"has-fixed-layout\"><tbody><tr><td><strong>Electrical Specifications<\/strong><\/td><td><\/td><\/tr><tr><td>Frequency-MHz<\/td><td>2400-2500<\/td><\/tr><tr><td>Gain-dBi<\/td><td>13<\/td><\/tr><tr><td>VSWR<\/td><td>&lt;1.8<\/td><\/tr><tr><td>Polarization<\/td><td>Horizontal and Vertical<\/td><\/tr><tr><td>Horizontal Beam Width<\/td><td>360\u00b0<\/td><\/tr><tr><td>Vertical Beam Width<\/td><td>7.5\u00b0<\/td><\/tr><tr><td>Impedance-ohms<\/td><td>50<\/td><\/tr><tr><td>Max. Input Power-W<\/td><td>100<\/td><\/tr><tr><td>Lightning Protection<\/td><td>DC Ground<\/td><\/tr><tr><td><strong>Mechanical Specifications<\/strong><\/td><td>&nbsp;<\/td><\/tr><tr><td>Connector<\/td><td>2\u00d7N Female<\/td><\/tr><tr><td>Dimension-mm<\/td><td>\u00d884\u00d71200<\/td><\/tr><tr><td>Weight-kg<\/td><td>1.2<\/td><\/tr><tr><td>Mounting-mm<\/td><td>Mast \u00d840-\u00d860<\/td><\/tr><tr><td>Radome Material<\/td><td>UV Resistance PVC<\/td><\/tr><tr><td>Rate Wind Velocity<\/td><td>210km\/h<\/td><\/tr><tr><td>Operating Temperature<\/td><td>-40\u2103 \u2013 +65\u2103<\/td><\/tr><\/tbody><\/table><\/figure>\n\n\n\n<p><\/p>","protected":false},"excerpt":{"rendered":"<p>Electrical Specifications Frequency-MHz 2400-2500 Gain-dBi 13 VSWR &lt;1.8 Polarization Horizontal and Vertical Horizontal Beam Width 360\u00b0 Vertical Beam Width 7.5\u00b0 Impedance-ohms 50 Max. Input Power-W 100 Lightning Protection DC Ground Mechanical Specifications &nbsp; Connector 2\u00d7N Female Dimension-mm \u00d884\u00d71200 Weight-kg 1.2 Mounting-mm Mast \u00d840-\u00d860 Radome Material UV Resistance PVC Rate Wind Velocity 210km\/h Operating Temperature -40\u2103 [&hellip;]<\/p>","protected":false},"author":1,"featured_media":1036,"template":"","meta":{"_acf_changed":false},"product-category":[33],"class_list":["post-1035","product","type-product","status-publish","has-post-thumbnail","hentry","product-category-omnidirectional-wifi-antennas"],"acf":[],"_links":{"self":[{"href":"https:\/\/www.superb-antennas.com\/fr\/wp-json\/wp\/v2\/product\/1035","targetHints":{"allow":["GET"]}}],"collection":[{"href":"https:\/\/www.superb-antennas.com\/fr\/wp-json\/wp\/v2\/product"}],"about":[{"href":"https:\/\/www.superb-antennas.com\/fr\/wp-json\/wp\/v2\/types\/product"}],"author":[{"embeddable":true,"href":"https:\/\/www.superb-antennas.com\/fr\/wp-json\/wp\/v2\/users\/1"}],"wp:featuredmedia":[{"embeddable":true,"href":"https:\/\/www.superb-antennas.com\/fr\/wp-json\/wp\/v2\/media\/1036"}],"wp:attachment":[{"href":"https:\/\/www.superb-antennas.com\/fr\/wp-json\/wp\/v2\/media?parent=1035"}],"wp:term":[{"taxonomy":"product-category","embeddable":true,"href":"https:\/\/www.superb-antennas.com\/fr\/wp-json\/wp\/v2\/product-category?post=1035"}],"curies":[{"name":"wp","href":"https:\/\/api.w.org\/{rel}","templated":true}]}}