{"id":1029,"date":"2025-01-02T16:33:39","date_gmt":"2025-01-02T08:33:39","guid":{"rendered":"https:\/\/superb-antennas.com\/?post_type=product&#038;p=1029"},"modified":"2025-01-02T16:43:50","modified_gmt":"2025-01-02T08:43:50","slug":"5-1-5-8ghz-23dbi-outdoor-high-gain-directional-flat-patch-panel-wifi-antenna","status":"publish","type":"product","link":"https:\/\/www.superb-antennas.com\/fr\/product\/5-1-5-8ghz-23dbi-outdoor-high-gain-directional-flat-patch-panel-wifi-antenna\/","title":{"rendered":"5.1-5.8GHz 23dBi Outdoor High Gain Directional Flat Patch Panel WiFi Antenna"},"content":{"rendered":"<figure class=\"wp-block-table\"><table class=\"has-fixed-layout\"><tbody><tr><td><strong>Electrical Specifications<\/strong><\/td><td><\/td><\/tr><tr><td>Frequency-MHz<\/td><td>5150-5850<\/td><\/tr><tr><td>Gain-dBi<\/td><td>23<\/td><\/tr><tr><td>VSWR<\/td><td>&lt;1.5<\/td><\/tr><tr><td>Polarization<\/td><td>Vertical<\/td><\/tr><tr><td>Horizontal Beam Width<\/td><td>10\u00b0<\/td><\/tr><tr><td>Vertical Beam Width<\/td><td>10\u00b0<\/td><\/tr><tr><td>F\/B Ratio<\/td><td>\u226523dB<\/td><\/tr><tr><td>Impedance-ohms<\/td><td>50<\/td><\/tr><tr><td>Max. Input Power-W<\/td><td>100<\/td><\/tr><tr><td>Lightning Protection<\/td><td>DC Ground<\/td><\/tr><tr><td><strong>Mechanical Specifications<\/strong><\/td><td>&nbsp;<\/td><\/tr><tr><td>Connector<\/td><td>N Female<\/td><\/tr><tr><td>Dimension-mm<\/td><td>305\u00d7305\u00d725<\/td><\/tr><tr><td>Weight-kg<\/td><td>1.2<\/td><\/tr><tr><td>Mounting-mm<\/td><td>Mast \u00d840-\u00d860<\/td><\/tr><tr><td>Radome Material<\/td><td>ABS<\/td><\/tr><tr><td>Rate Wind Velocity<\/td><td>210km\/h<\/td><\/tr><tr><td>Operating Temperature<\/td><td>-40\u2103 \u2013 +65\u2103<\/td><\/tr><\/tbody><\/table><\/figure>\n\n\n\n<p><\/p>","protected":false},"excerpt":{"rendered":"<p>Electrical Specifications Frequency-MHz 5150-5850 Gain-dBi 23 VSWR &lt;1.5 Polarization Vertical Horizontal Beam Width 10\u00b0 Vertical Beam Width 10\u00b0 F\/B Ratio \u226523dB Impedance-ohms 50 Max. Input Power-W 100 Lightning Protection DC Ground Mechanical Specifications &nbsp; Connector N Female Dimension-mm 305\u00d7305\u00d725 Weight-kg 1.2 Mounting-mm Mast \u00d840-\u00d860 Radome Material ABS Rate Wind Velocity 210km\/h Operating Temperature -40\u2103 \u2013 [&hellip;]<\/p>","protected":false},"author":1,"featured_media":967,"template":"","meta":{"_acf_changed":false},"product-category":[34],"class_list":["post-1029","product","type-product","status-publish","has-post-thumbnail","hentry","product-category-flat-panel-wifi-antennas"],"acf":[],"_links":{"self":[{"href":"https:\/\/www.superb-antennas.com\/fr\/wp-json\/wp\/v2\/product\/1029","targetHints":{"allow":["GET"]}}],"collection":[{"href":"https:\/\/www.superb-antennas.com\/fr\/wp-json\/wp\/v2\/product"}],"about":[{"href":"https:\/\/www.superb-antennas.com\/fr\/wp-json\/wp\/v2\/types\/product"}],"author":[{"embeddable":true,"href":"https:\/\/www.superb-antennas.com\/fr\/wp-json\/wp\/v2\/users\/1"}],"wp:featuredmedia":[{"embeddable":true,"href":"https:\/\/www.superb-antennas.com\/fr\/wp-json\/wp\/v2\/media\/967"}],"wp:attachment":[{"href":"https:\/\/www.superb-antennas.com\/fr\/wp-json\/wp\/v2\/media?parent=1029"}],"wp:term":[{"taxonomy":"product-category","embeddable":true,"href":"https:\/\/www.superb-antennas.com\/fr\/wp-json\/wp\/v2\/product-category?post=1029"}],"curies":[{"name":"wp","href":"https:\/\/api.w.org\/{rel}","templated":true}]}}