{"id":1019,"date":"2025-01-02T16:28:24","date_gmt":"2025-01-02T08:28:24","guid":{"rendered":"https:\/\/superb-antennas.com\/?post_type=product&#038;p=1019"},"modified":"2025-01-02T16:28:25","modified_gmt":"2025-01-02T08:28:25","slug":"2400-7125mhz-13dbi-outdoor-2-ports-mimo-directional-wifi-6e-panel-antenna","status":"publish","type":"product","link":"https:\/\/www.superb-antennas.com\/fr\/product\/2400-7125mhz-13dbi-outdoor-2-ports-mimo-directional-wifi-6e-panel-antenna\/","title":{"rendered":"Antenne panneau directionnelle WiFi 6E MIMO 2 ports pour ext\u00e9rieur 2400-7125 MHz 13 dBi"},"content":{"rendered":"<figure class=\"wp-block-table\"><table class=\"has-fixed-layout\"><tbody><tr><td><strong>Electrical Specifications<\/strong><\/td><td colspan=\"2\">&nbsp;<\/td><\/tr><tr><td>Frequency-MHz<\/td><td>2400-2500<\/td><td>4900-7125<\/td><\/tr><tr><td>Gain-dBi<\/td><td>10<\/td><td>13<\/td><\/tr><tr><td>VSWR<\/td><td colspan=\"2\">&lt;2<\/td><\/tr><tr><td>Polarization<\/td><td colspan=\"2\">Vertical&nbsp;and horizontal<\/td><\/tr><tr><td>Horizontal Beam Width<\/td><td>55\u00b0<\/td><td>44\u00b0<\/td><\/tr><tr><td>Vertical Beam Width<\/td><td>50\u00b0<\/td><td>40\u00b0<\/td><\/tr><tr><td>F\/B Ratio<\/td><td colspan=\"2\">\u226525dB<\/td><\/tr><tr><td>Isolation<\/td><td colspan=\"2\">\u226528dB<\/td><\/tr><tr><td>Impedance<\/td><td colspan=\"2\">50 ohms<\/td><\/tr><tr><td>Max. Input Power<\/td><td colspan=\"2\">50W<\/td><\/tr><tr><td>Lightning Protection<\/td><td colspan=\"2\">DC Ground<\/td><\/tr><tr><td><strong>Mechanical Specifications<\/strong><\/td><td colspan=\"2\">&nbsp;<\/td><\/tr><tr><td>Connector<\/td><td colspan=\"2\">2\u00d7N Female<\/td><\/tr><tr><td>Dimension<\/td><td colspan=\"2\">205\u00d7180\u00d745mm<\/td><\/tr><tr><td>Weight<\/td><td colspan=\"2\">0.5kg<\/td><\/tr><tr><td>Mounting<\/td><td colspan=\"2\">Mast \u00d830-\u00d850 mm<\/td><\/tr><tr><td>Radome Material<\/td><td colspan=\"2\">ABS<\/td><\/tr><tr><td>Rate Wind Velocity<\/td><td colspan=\"2\">210km\/h<\/td><\/tr><tr><td>Operating Temperature<\/td><td colspan=\"2\">-40\u2103 \u2013 +65\u2103<\/td><\/tr><\/tbody><\/table><\/figure>\n\n\n\n<p><\/p>","protected":false},"excerpt":{"rendered":"<p>Electrical Specifications &nbsp; Frequency-MHz 2400-2500 4900-7125 Gain-dBi 10 13 VSWR &lt;2 Polarization Vertical&nbsp;and horizontal Horizontal Beam Width 55\u00b0 44\u00b0 Vertical Beam Width 50\u00b0 40\u00b0 F\/B Ratio \u226525dB Isolation \u226528dB Impedance 50 ohms Max. Input Power 50W Lightning Protection DC Ground Mechanical Specifications &nbsp; Connector 2\u00d7N Female Dimension 205\u00d7180\u00d745mm Weight 0.5kg Mounting Mast \u00d830-\u00d850 mm Radome [&hellip;]<\/p>","protected":false},"author":1,"featured_media":976,"template":"","meta":{"_acf_changed":false},"product-category":[32],"class_list":["post-1019","product","type-product","status-publish","has-post-thumbnail","hentry","product-category-wifi-6e-antennas"],"acf":[],"_links":{"self":[{"href":"https:\/\/www.superb-antennas.com\/fr\/wp-json\/wp\/v2\/product\/1019","targetHints":{"allow":["GET"]}}],"collection":[{"href":"https:\/\/www.superb-antennas.com\/fr\/wp-json\/wp\/v2\/product"}],"about":[{"href":"https:\/\/www.superb-antennas.com\/fr\/wp-json\/wp\/v2\/types\/product"}],"author":[{"embeddable":true,"href":"https:\/\/www.superb-antennas.com\/fr\/wp-json\/wp\/v2\/users\/1"}],"wp:featuredmedia":[{"embeddable":true,"href":"https:\/\/www.superb-antennas.com\/fr\/wp-json\/wp\/v2\/media\/976"}],"wp:attachment":[{"href":"https:\/\/www.superb-antennas.com\/fr\/wp-json\/wp\/v2\/media?parent=1019"}],"wp:term":[{"taxonomy":"product-category","embeddable":true,"href":"https:\/\/www.superb-antennas.com\/fr\/wp-json\/wp\/v2\/product-category?post=1019"}],"curies":[{"name":"wp","href":"https:\/\/api.w.org\/{rel}","templated":true}]}}