{"id":1017,"date":"2025-01-02T16:27:08","date_gmt":"2025-01-02T08:27:08","guid":{"rendered":"https:\/\/superb-antennas.com\/?post_type=product&#038;p=1017"},"modified":"2025-01-02T16:27:09","modified_gmt":"2025-01-02T08:27:09","slug":"2-4-7-2ghz-13dbi-outdoor-4-ports-mimo-directional-wifi-6e-panel-antenna","status":"publish","type":"product","link":"https:\/\/www.superb-antennas.com\/fr\/product\/2-4-7-2ghz-13dbi-outdoor-4-ports-mimo-directional-wifi-6e-panel-antenna\/","title":{"rendered":"2.4-7.2GHz 13dBi Outdoor 4-Ports MIMO Directional WiFi 6E Panel Antenna"},"content":{"rendered":"<figure class=\"wp-block-table\"><table class=\"has-fixed-layout\"><tbody><tr><td><strong>Electrical Specifications<\/strong><\/td><td colspan=\"2\">&nbsp;<\/td><\/tr><tr><td>Frequency-MHz<\/td><td>2400-2500<\/td><td>4900-7125<\/td><\/tr><tr><td>Gain-dBi<\/td><td>10<\/td><td>13<\/td><\/tr><tr><td>VSWR<\/td><td colspan=\"2\">&lt;2<\/td><\/tr><tr><td>Polarization<\/td><td colspan=\"2\">2*Vertical&nbsp;and 2*horizontal<\/td><\/tr><tr><td>Horizontal Beam Width<\/td><td>55\u00b0<\/td><td>44\u00b0<\/td><\/tr><tr><td>Vertical Beam Width<\/td><td>50\u00b0<\/td><td>40\u00b0<\/td><\/tr><tr><td>F\/B Ratio<\/td><td colspan=\"2\">\u226525dB<\/td><\/tr><tr><td>Isolation<\/td><td colspan=\"2\">\u226528dB<\/td><\/tr><tr><td>Impedance<\/td><td colspan=\"2\">50 ohms<\/td><\/tr><tr><td>Max. Input Power<\/td><td colspan=\"2\">50W<\/td><\/tr><tr><td>Lightning Protection<\/td><td colspan=\"2\">DC Ground<\/td><\/tr><tr><td><strong>Mechanical Specifications<\/strong><\/td><td colspan=\"2\">&nbsp;<\/td><\/tr><tr><td>Connector<\/td><td colspan=\"2\">4\u00d7N Female<\/td><\/tr><tr><td>Dimension<\/td><td colspan=\"2\">250<a>\u00d7<\/a>250\u00d725mm<\/td><\/tr><tr><td>Weight<\/td><td colspan=\"2\">0.7kg<\/td><\/tr><tr><td>Mounting<\/td><td colspan=\"2\">Mast \u00d830-\u00d850 mm<\/td><\/tr><tr><td>Radome Material<\/td><td colspan=\"2\">ABS<\/td><\/tr><tr><td>Rate Wind Velocity<\/td><td colspan=\"2\">210km\/h<\/td><\/tr><tr><td>Operating Temperature<\/td><td colspan=\"2\">-40\u2103 \u2013 +65\u2103<\/td><\/tr><\/tbody><\/table><\/figure>\n\n\n\n<p><\/p>","protected":false},"excerpt":{"rendered":"<p>Electrical Specifications &nbsp; Frequency-MHz 2400-2500 4900-7125 Gain-dBi 10 13 VSWR &lt;2 Polarization 2*Vertical&nbsp;and 2*horizontal Horizontal Beam Width 55\u00b0 44\u00b0 Vertical Beam Width 50\u00b0 40\u00b0 F\/B Ratio \u226525dB Isolation \u226528dB Impedance 50 ohms Max. Input Power 50W Lightning Protection DC Ground Mechanical Specifications &nbsp; Connector 4\u00d7N Female Dimension 250\u00d7250\u00d725mm Weight 0.7kg Mounting Mast \u00d830-\u00d850 mm Radome [&hellip;]<\/p>","protected":false},"author":1,"featured_media":967,"template":"","meta":{"_acf_changed":false},"product-category":[32],"class_list":["post-1017","product","type-product","status-publish","has-post-thumbnail","hentry","product-category-wifi-6e-antennas"],"acf":[],"_links":{"self":[{"href":"https:\/\/www.superb-antennas.com\/fr\/wp-json\/wp\/v2\/product\/1017","targetHints":{"allow":["GET"]}}],"collection":[{"href":"https:\/\/www.superb-antennas.com\/fr\/wp-json\/wp\/v2\/product"}],"about":[{"href":"https:\/\/www.superb-antennas.com\/fr\/wp-json\/wp\/v2\/types\/product"}],"author":[{"embeddable":true,"href":"https:\/\/www.superb-antennas.com\/fr\/wp-json\/wp\/v2\/users\/1"}],"wp:featuredmedia":[{"embeddable":true,"href":"https:\/\/www.superb-antennas.com\/fr\/wp-json\/wp\/v2\/media\/967"}],"wp:attachment":[{"href":"https:\/\/www.superb-antennas.com\/fr\/wp-json\/wp\/v2\/media?parent=1017"}],"wp:term":[{"taxonomy":"product-category","embeddable":true,"href":"https:\/\/www.superb-antennas.com\/fr\/wp-json\/wp\/v2\/product-category?post=1017"}],"curies":[{"name":"wp","href":"https:\/\/api.w.org\/{rel}","templated":true}]}}