{"id":1005,"date":"2025-01-02T16:18:17","date_gmt":"2025-01-02T08:18:17","guid":{"rendered":"https:\/\/superb-antennas.com\/?post_type=product&#038;p=1005"},"modified":"2025-01-02T16:18:18","modified_gmt":"2025-01-02T08:18:18","slug":"2400-7125mhz-4-ports-outdoor-omnidirectional-4x4-mimo-wifi-6e-antenna","status":"publish","type":"product","link":"https:\/\/www.superb-antennas.com\/fr\/product\/2400-7125mhz-4-ports-outdoor-omnidirectional-4x4-mimo-wifi-6e-antenna\/","title":{"rendered":"2400-7125MHz 4-Ports Outdoor Omnidirectional 4\u00d74 MIMO WiFi 6E Antenna"},"content":{"rendered":"<figure class=\"wp-block-table\"><table class=\"has-fixed-layout\"><tbody><tr><td><strong>Electrical Specifications<\/strong><\/td><td colspan=\"2\">&nbsp;<\/td><\/tr><tr><td>Frequency-MHz<\/td><td>2400-2500<\/td><td>4900-7125<\/td><\/tr><tr><td>Gain-dBi<\/td><td>4<\/td><td>6<\/td><\/tr><tr><td>VSWR<\/td><td>&lt;1.5<\/td><td>&lt;2.2<\/td><\/tr><tr><td>Polarization<\/td><td colspan=\"2\">Vertical<\/td><\/tr><tr><td>Horizontal Beam Width<\/td><td colspan=\"2\">360\u00b0<\/td><\/tr><tr><td>Vertical Beam Width<\/td><td>48\u00b0<\/td><td>28\u00b0<\/td><\/tr><tr><td>Impedance<\/td><td colspan=\"2\">50\u03a9<\/td><\/tr><tr><td>Max. Input Power<\/td><td colspan=\"2\">50W<\/td><\/tr><tr><td>Lightning Protection<\/td><td colspan=\"2\">DC Ground<\/td><\/tr><tr><td><strong>Mechanical Specifications<\/strong><\/td><td colspan=\"2\">&nbsp;<\/td><\/tr><tr><td>Connector<\/td><td colspan=\"2\">4\u00d7RP SMA male<\/td><\/tr><tr><td>Dimension<\/td><td colspan=\"2\">\u00d8128\u00d7220 mm<\/td><\/tr><tr><td>Weight<\/td><td colspan=\"2\">1.4kg<\/td><\/tr><tr><td>Mounting<\/td><td colspan=\"2\">Mast \u00d830-\u00d850 mm<\/td><\/tr><tr><td>Radome Material<\/td><td colspan=\"2\">UV Resistance PVC<\/td><\/tr><tr><td>Rate Wind Velocity<\/td><td colspan=\"2\">210km\/h<\/td><\/tr><tr><td>Operating Temperature<\/td><td colspan=\"2\">-40\u2103 \u2013 +65\u2103<\/td><\/tr><\/tbody><\/table><\/figure>\n\n\n\n<p><\/p>","protected":false},"excerpt":{"rendered":"<p>Electrical Specifications &nbsp; Frequency-MHz 2400-2500 4900-7125 Gain-dBi 4 6 VSWR &lt;1.5 &lt;2.2 Polarization Vertical Horizontal Beam Width 360\u00b0 Vertical Beam Width 48\u00b0 28\u00b0 Impedance 50\u03a9 Max. Input Power 50W Lightning Protection DC Ground Mechanical Specifications &nbsp; Connector 4\u00d7RP SMA male Dimension \u00d8128\u00d7220 mm Weight 1.4kg Mounting Mast \u00d830-\u00d850 mm Radome Material UV Resistance PVC Rate [&hellip;]<\/p>","protected":false},"author":1,"featured_media":957,"template":"","meta":{"_acf_changed":false},"product-category":[32],"class_list":["post-1005","product","type-product","status-publish","has-post-thumbnail","hentry","product-category-wifi-6e-antennas"],"acf":[],"_links":{"self":[{"href":"https:\/\/www.superb-antennas.com\/fr\/wp-json\/wp\/v2\/product\/1005","targetHints":{"allow":["GET"]}}],"collection":[{"href":"https:\/\/www.superb-antennas.com\/fr\/wp-json\/wp\/v2\/product"}],"about":[{"href":"https:\/\/www.superb-antennas.com\/fr\/wp-json\/wp\/v2\/types\/product"}],"author":[{"embeddable":true,"href":"https:\/\/www.superb-antennas.com\/fr\/wp-json\/wp\/v2\/users\/1"}],"wp:featuredmedia":[{"embeddable":true,"href":"https:\/\/www.superb-antennas.com\/fr\/wp-json\/wp\/v2\/media\/957"}],"wp:attachment":[{"href":"https:\/\/www.superb-antennas.com\/fr\/wp-json\/wp\/v2\/media?parent=1005"}],"wp:term":[{"taxonomy":"product-category","embeddable":true,"href":"https:\/\/www.superb-antennas.com\/fr\/wp-json\/wp\/v2\/product-category?post=1005"}],"curies":[{"name":"wp","href":"https:\/\/api.w.org\/{rel}","templated":true}]}}